{"id":46,"date":"2023-08-08T16:57:18","date_gmt":"2023-08-08T16:57:18","guid":{"rendered":"https:\/\/defiscalisant.com\/?page_id=46"},"modified":"2026-01-01T12:25:44","modified_gmt":"2026-01-01T12:25:44","slug":"kontakty","status":"publish","type":"page","link":"https:\/\/eunosweb.org\/tr\/iletisim\/","title":{"rendered":"Ki\u015filer"},"content":{"rendered":"<h1>Merhaba, Bize Bir Mesaj B\u0131rak\u0131n<\/h1>\n<p><img loading=\"lazy\" decoding=\"async\" class=\"size-full wp-image-4193 alignright\" src=\"https:\/\/eunosweb.org\/wp-content\/uploads\/2026\/01\/30.jpg\" alt=\"\" width=\"322\" height=\"483\" srcset=\"https:\/\/eunosweb.org\/wp-content\/uploads\/2026\/01\/30.jpg 460w, https:\/\/eunosweb.org\/wp-content\/uploads\/2026\/01\/30-200x300.jpg 200w, https:\/\/eunosweb.org\/wp-content\/uploads\/2026\/01\/30-8x12.jpg 8w\" sizes=\"auto, (max-width: 322px) 100vw, 322px\" \/>S\u00f6yleyecek bir \u015feyiniz mi var? Harika. \u0130ster site tam i\u015fler yolunda giderken sorun \u00e7\u0131kar\u0131yor olsun, ister faturaland\u0131rmada bir aksakl\u0131k ya\u015f\u0131yor olun, isterse de yeni bir spekulum sahnesi hakk\u0131nda m\u00fcstehcen bir \u00f6neri f\u0131s\u0131ldamak istiyor olun, her \u015feyi dinliyoruz. Ger\u00e7ekten, her mesaj\u0131 okuyoruz. Bazen ka\u015flar\u0131m\u0131z\u0131 kald\u0131rarak, bazen de s\u0131r\u0131tarak. Gelen kutumuza nelerin d\u00fc\u015ft\u00fc\u011f\u00fcne \u015fa\u015f\u0131racaks\u0131n\u0131z.<\/p>\n<p>Telefonla destek vermiyoruz (\u00fczg\u00fcn\u00fcm, burada gece ge\u00e7 saatlerde hem\u015fire yard\u0131m hatt\u0131 yok) ve canl\u0131 sohbet de hen\u00fcz mevcut de\u011fil\u2014b\u00fct\u00e7eyi veya her neyse su\u00e7lay\u0131n. E-posta en iyi \u00e7\u00f6z\u00fcm. Gizlili\u011fi koruyor, telefon g\u00f6r\u00fc\u015fmeleriyle acele etmek yerine sorunlar\u0131 ger\u00e7ekten \u00e7\u00f6zmemizi sa\u011fl\u0131yor ve d\u00fcr\u00fcst olmak gerekirse, \u00e7\u0131lg\u0131n fikirlerinizi yazmak, onlar\u0131 daha da m\u00fcstehcen hale getirmeniz i\u00e7in size zaman kazand\u0131r\u0131yor.<\/p>\n<h2>Zehrinizi Se\u00e7in<\/h2>\n<p><span class=\"email\">support@eunosweb.com<\/span> \u2013 Teknik sorunlar. Giri\u015f yapam\u0131yor musunuz? Video t\u0131kal\u0131 bir kateter gibi mi tak\u0131l\u0131yor? Bize taray\u0131c\u0131n\u0131z\u0131, cihaz\u0131n\u0131z\u0131, sorun olu\u015ftu\u011funda ne izledi\u011finizi s\u00f6yleyin; ne kadar detayl\u0131 bilgi verirseniz, sorunu o kadar h\u0131zl\u0131 \u00e7\u00f6zeriz. Ekran g\u00f6r\u00fcnt\u00fcleri eklerseniz ekstra puan kazan\u0131rs\u0131n\u0131z. Burada g\u00f6rsel yard\u0131mlar\u0131 \u00e7ok seviyoruz.<\/p>\n<p><span class=\"email\">billing@eunosweb.com<\/span> \u2013 Para konusu. Aboneli\u011finiz iptal edilemiyor mu? \u00dccretlendirme garip mi g\u00f6r\u00fcn\u00fcyor? Hayat\u0131n\u0131z aksad\u0131\u011f\u0131 i\u00e7in cinsel fantezilerinizden mahrum mu kald\u0131n\u0131z ve para iadesi mi istiyorsunuz? \u0130\u015fte buras\u0131. Makul s\u0131n\u0131rlar i\u00e7inde para iadesi konusunda olduk\u00e7a anlay\u0131\u015fl\u0131y\u0131z\u2014sadece abartmay\u0131n.<\/p>\n<p><span class=\"email\">ideas@eunosweb.com<\/span> \u2013 E\u011flence kutusu. Hen\u00fcz \u00e7ekilmemi\u015f bir fanteziniz mi var? Daha fazla lateks eldivene, rektal s\u0131cakl\u0131k \u00f6l\u00e7ere veya hi\u00e7bir yerde bulamad\u0131\u011f\u0131n\u0131z o garip prosed\u00fcre mi ihtiyac\u0131m\u0131z oldu\u011funu d\u00fc\u015f\u00fcn\u00fcyorsunuz? Anlat\u0131n. En iyi fikirler bazen siz sap\u0131klardan gelir ve evet, birka\u00e7\u0131n\u0131 ger\u00e7ekten hayata ge\u00e7irdik. S\u00f6z vermiyoruz, ama okuyaca\u011f\u0131z ve belki de k\u0131zaraca\u011f\u0131z.<\/p>\n<h2>Ya da bu formu kullan\u0131n (\u0131s\u0131rmay\u0131z).<\/h2>\n\n<div class=\"wpcf7 no-js\" id=\"wpcf7-f184-o1\" lang=\"en-US\" dir=\"ltr\">\n<div class=\"screen-reader-response\"><p role=\"status\" aria-live=\"polite\" aria-atomic=\"true\"><\/p> <ul><\/ul><\/div>\n<form action=\"\/tr\/wp-json\/wp\/v2\/pages\/46#wpcf7-f184-o1\" method=\"post\" class=\"wpcf7-form init\" aria-label=\"Contact form\" novalidate=\"novalidate\" data-status=\"init\" data-trp-original-action=\"\/tr\/wp-json\/wp\/v2\/pages\/46#wpcf7-f184-o1\">\n<div style=\"display: none;\">\n<input type=\"hidden\" name=\"_wpcf7\" value=\"184\" \/>\n<input type=\"hidden\" name=\"_wpcf7_version\" value=\"5.8\" \/>\n<input type=\"hidden\" name=\"_wpcf7_locale\" value=\"en_US\" \/>\n<input type=\"hidden\" name=\"_wpcf7_unit_tag\" value=\"wpcf7-f184-o1\" \/>\n<input type=\"hidden\" name=\"_wpcf7_container_post\" value=\"0\" \/>\n<input type=\"hidden\" name=\"_wpcf7_posted_data_hash\" value=\"\" \/>\n<\/div>\n<p><label> Ad\u0131n\u0131z<br \/>\n<span class=\"wpcf7-form-control-wrap\" data-name=\"your-name\"><input size=\"40\" class=\"wpcf7-form-control wpcf7-text wpcf7-validates-as-required\" autocomplete=\"name\" aria-required=\"true\" aria-invalid=\"false\" value=\"\" type=\"text\" name=\"your-name\" \/><\/span> <\/label>\n<\/p>\n<p><label> E-posta adresiniz<br \/>\n<span class=\"wpcf7-form-control-wrap\" data-name=\"your-email\"><input size=\"40\" class=\"wpcf7-form-control wpcf7-email wpcf7-validates-as-required wpcf7-text wpcf7-validates-as-email\" autocomplete=\"email\" aria-required=\"true\" aria-invalid=\"false\" value=\"\" type=\"email\" name=\"your-email\" \/><\/span> <\/label>\n<\/p>\n<p><label> Ders<br \/>\n<span class=\"wpcf7-form-control-wrap\" data-name=\"your-subject\"><input size=\"40\" class=\"wpcf7-form-control wpcf7-text wpcf7-validates-as-required\" aria-required=\"true\" aria-invalid=\"false\" value=\"\" type=\"text\" name=\"your-subject\" \/><\/span> <\/label>\n<\/p>\n<p><label> Mesaj\u0131n\u0131z (iste\u011fe ba\u011fl\u0131)<br \/>\n<span class=\"wpcf7-form-control-wrap\" data-name=\"your-message\"><textarea cols=\"40\" rows=\"10\" class=\"wpcf7-form-control wpcf7-textarea\" aria-invalid=\"false\" name=\"your-message\"><\/textarea><\/span> <\/label>\n<\/p>\n<p><input class=\"wpcf7-form-control wpcf7-submit has-spinner\" type=\"submit\" value=\"G\u00f6ndermek\" \/>\n<\/p><div class=\"wpcf7-response-output\" aria-hidden=\"true\"><\/div>\n<input type=\"hidden\" name=\"trp-form-language\" value=\"tr\"\/><\/form>\n<\/div>\n\n<p class=\"note\"><img loading=\"lazy\" decoding=\"async\" class=\"size-full wp-image-4176 alignleft\" src=\"https:\/\/eunosweb.org\/wp-content\/uploads\/2026\/01\/13.jpg\" alt=\"\" width=\"253\" height=\"380\" srcset=\"https:\/\/eunosweb.org\/wp-content\/uploads\/2026\/01\/13.jpg 460w, https:\/\/eunosweb.org\/wp-content\/uploads\/2026\/01\/13-200x300.jpg 200w, https:\/\/eunosweb.org\/wp-content\/uploads\/2026\/01\/13-8x12.jpg 8w\" sizes=\"auto, (max-width: 253px) 100vw, 253px\" \/>Genellikle 24-48 saat i\u00e7inde yan\u0131t veriyoruz. Hafta sonlar\u0131 daha yava\u015f olabilir; ekip de dinlenmeye ihtiya\u00e7 duyuyor, biliyorsunuz. E\u011fer acil bir durum s\u00f6z konusuysa (\u00f6rne\u011fin oturumunuzun ortas\u0131nda kilitlendiyseniz), konu k\u0131sm\u0131na &quot;AC\u0130L&quot; yaz\u0131n, biz de \u00f6nceli\u011finiz.<\/p>\n<p>Son bir \u015fey daha: E\u011fer g\u00f6rmemizde bir sak\u0131nca g\u00f6rm\u00fcyorsan\u0131z, l\u00fctfen \u00e7\u0131plak foto\u011fraflar\u0131n\u0131z\u0131 veya ki\u015fisel resimlerinizi g\u00f6ndermeyin (muhtemelen yasal nedenlerle zaten silece\u011fiz). Ve hay\u0131r, destek taleplerinde sizinle rol yapmayaca\u011f\u0131z. O enerjinizi i\u00e7erik i\u00e7in saklay\u0131n; bunun i\u00e7in oyuncular\u0131m\u0131z var.<\/p>\n<p>Tamam, bu kadar. \u015eans\u0131n\u0131z\u0131 deneyin. Buraday\u0131z, e\u015fcinseliz (yani, baz\u0131lar\u0131m\u0131z) ve bize ne atarsan\u0131z at\u0131n haz\u0131r\u0131z.<\/p>\n<p>Sap\u0131k kalmaya devam et,<br \/>Eunosweb Ekibi<\/p>","protected":false},"excerpt":{"rendered":"<p>Merhaba, Bize Bir Mesaj B\u0131rak\u0131n! S\u00f6ylemek istedi\u011finiz bir \u015fey mi var? Harika. Sitenin...<\/p>","protected":false},"author":1,"featured_media":0,"parent":0,"menu_order":0,"comment_status":"closed","ping_status":"closed","template":"","meta":{"footnotes":""},"class_list":["post-46","page","type-page","status-publish","hentry"],"yoast_head":"<!-- This site is optimized with the Yoast SEO plugin v20.13 - https:\/\/yoast.com\/wordpress\/plugins\/seo\/ -->\n<title>Contacts - eunosweb<\/title>\n<meta name=\"robots\" content=\"index, follow, max-snippet:-1, max-image-preview:large, max-video-preview:-1\" \/>\n<link rel=\"canonical\" href=\"https:\/\/eunosweb.org\/tr\/iletisim\/\" \/>\n<meta property=\"og:locale\" content=\"tr_TR\" \/>\n<meta property=\"og:type\" content=\"article\" \/>\n<meta property=\"og:title\" content=\"Contacts - eunosweb\" \/>\n<meta property=\"og:description\" content=\"Hey, Drop Us a Line So you\u2019ve got something to say? Awesome. Whether the site\u2019s\" \/>\n<meta property=\"og:url\" content=\"https:\/\/eunosweb.org\/tr\/iletisim\/\" \/>\n<meta property=\"og:site_name\" content=\"eunosweb\" \/>\n<meta property=\"article:modified_time\" content=\"2026-01-01T12:25:44+00:00\" \/>\n<meta property=\"og:image\" content=\"https:\/\/eunosweb.org\/wp-content\/uploads\/2026\/01\/30.jpg\" \/>\n<meta name=\"twitter:card\" content=\"summary_large_image\" \/>\n<meta name=\"twitter:label1\" content=\"Tahmini okuma s\u00fcresi\" \/>\n\t<meta name=\"twitter:data1\" content=\"1 dakika\" \/>\n<script type=\"application\/ld+json\" class=\"yoast-schema-graph\">{\"@context\":\"https:\/\/schema.org\",\"@graph\":[{\"@type\":\"WebPage\",\"@id\":\"https:\/\/eunosweb.org\/kontakty\/\",\"url\":\"https:\/\/eunosweb.org\/kontakty\/\",\"name\":\"Contacts - eunosweb\",\"isPartOf\":{\"@id\":\"https:\/\/eunosweb.org\/#website\"},\"datePublished\":\"2023-08-08T16:57:18+00:00\",\"dateModified\":\"2026-01-01T12:25:44+00:00\",\"breadcrumb\":{\"@id\":\"https:\/\/eunosweb.org\/kontakty\/#breadcrumb\"},\"inLanguage\":\"tr\",\"potentialAction\":[{\"@type\":\"ReadAction\",\"target\":[\"https:\/\/eunosweb.org\/kontakty\/\"]}]},{\"@type\":\"BreadcrumbList\",\"@id\":\"https:\/\/eunosweb.org\/kontakty\/#breadcrumb\",\"itemListElement\":[{\"@type\":\"ListItem\",\"position\":1,\"name\":\"\u0413\u043b\u0430\u0432\u043d\u0430\u044f \u0441\u0442\u0440\u0430\u043d\u0438\u0446\u0430\",\"item\":\"https:\/\/eunosweb.org\/\"},{\"@type\":\"ListItem\",\"position\":2,\"name\":\"Contacts\"}]},{\"@type\":\"WebSite\",\"@id\":\"https:\/\/eunosweb.org\/#website\",\"url\":\"https:\/\/eunosweb.org\/\",\"name\":\"eunosweb\",\"description\":\"Ultimate Multilingual Catalog of Alluring Adventures: Top Escort Virtual Chats!\",\"publisher\":{\"@id\":\"https:\/\/eunosweb.org\/#organization\"},\"potentialAction\":[{\"@type\":\"SearchAction\",\"target\":{\"@type\":\"EntryPoint\",\"urlTemplate\":\"https:\/\/eunosweb.org\/?s={search_term_string}\"},\"query-input\":\"required name=search_term_string\"}],\"inLanguage\":\"tr\"},{\"@type\":\"Organization\",\"@id\":\"https:\/\/eunosweb.org\/#organization\",\"name\":\"eunosweb\",\"url\":\"https:\/\/eunosweb.org\/\",\"logo\":{\"@type\":\"ImageObject\",\"inLanguage\":\"tr\",\"@id\":\"https:\/\/eunosweb.org\/#\/schema\/logo\/image\/\",\"url\":\"https:\/\/eunosweb.org\/wp-content\/uploads\/2023\/08\/logo-1.png\",\"contentUrl\":\"https:\/\/eunosweb.org\/wp-content\/uploads\/2023\/08\/logo-1.png\",\"width\":220,\"height\":28,\"caption\":\"eunosweb\"},\"image\":{\"@id\":\"https:\/\/eunosweb.org\/#\/schema\/logo\/image\/\"}}]}<\/script>\n<!-- \/ Yoast SEO plugin. -->","yoast_head_json":{"title":"Contacts - eunosweb","robots":{"index":"index","follow":"follow","max-snippet":"max-snippet:-1","max-image-preview":"max-image-preview:large","max-video-preview":"max-video-preview:-1"},"canonical":"https:\/\/eunosweb.org\/tr\/iletisim\/","og_locale":"tr_TR","og_type":"article","og_title":"Contacts - eunosweb","og_description":"Hey, Drop Us a Line So you\u2019ve got something to say? Awesome. Whether the site\u2019s","og_url":"https:\/\/eunosweb.org\/tr\/iletisim\/","og_site_name":"eunosweb","article_modified_time":"2026-01-01T12:25:44+00:00","og_image":[{"url":"https:\/\/eunosweb.org\/wp-content\/uploads\/2026\/01\/30.jpg"}],"twitter_card":"summary_large_image","twitter_misc":{"Tahmini okuma s\u00fcresi":"1 dakika"},"schema":{"@context":"https:\/\/schema.org","@graph":[{"@type":"WebPage","@id":"https:\/\/eunosweb.org\/kontakty\/","url":"https:\/\/eunosweb.org\/kontakty\/","name":"Contacts - eunosweb","isPartOf":{"@id":"https:\/\/eunosweb.org\/#website"},"datePublished":"2023-08-08T16:57:18+00:00","dateModified":"2026-01-01T12:25:44+00:00","breadcrumb":{"@id":"https:\/\/eunosweb.org\/kontakty\/#breadcrumb"},"inLanguage":"tr","potentialAction":[{"@type":"ReadAction","target":["https:\/\/eunosweb.org\/kontakty\/"]}]},{"@type":"BreadcrumbList","@id":"https:\/\/eunosweb.org\/kontakty\/#breadcrumb","itemListElement":[{"@type":"ListItem","position":1,"name":"\u0413\u043b\u0430\u0432\u043d\u0430\u044f \u0441\u0442\u0440\u0430\u043d\u0438\u0446\u0430","item":"https:\/\/eunosweb.org\/"},{"@type":"ListItem","position":2,"name":"Contacts"}]},{"@type":"WebSite","@id":"https:\/\/eunosweb.org\/#website","url":"https:\/\/eunosweb.org\/","name":"eunosweb","description":"Ultimate Multilingual Catalog of Alluring Adventures: Top Escort Virtual Chats!","publisher":{"@id":"https:\/\/eunosweb.org\/#organization"},"potentialAction":[{"@type":"SearchAction","target":{"@type":"EntryPoint","urlTemplate":"https:\/\/eunosweb.org\/?s={search_term_string}"},"query-input":"required name=search_term_string"}],"inLanguage":"tr"},{"@type":"Organization","@id":"https:\/\/eunosweb.org\/#organization","name":"eunosweb","url":"https:\/\/eunosweb.org\/","logo":{"@type":"ImageObject","inLanguage":"tr","@id":"https:\/\/eunosweb.org\/#\/schema\/logo\/image\/","url":"https:\/\/eunosweb.org\/wp-content\/uploads\/2023\/08\/logo-1.png","contentUrl":"https:\/\/eunosweb.org\/wp-content\/uploads\/2023\/08\/logo-1.png","width":220,"height":28,"caption":"eunosweb"},"image":{"@id":"https:\/\/eunosweb.org\/#\/schema\/logo\/image\/"}}]}},"_links":{"self":[{"href":"https:\/\/eunosweb.org\/tr\/wp-json\/wp\/v2\/pages\/46","targetHints":{"allow":["GET"]}}],"collection":[{"href":"https:\/\/eunosweb.org\/tr\/wp-json\/wp\/v2\/pages"}],"about":[{"href":"https:\/\/eunosweb.org\/tr\/wp-json\/wp\/v2\/types\/page"}],"author":[{"embeddable":true,"href":"https:\/\/eunosweb.org\/tr\/wp-json\/wp\/v2\/users\/1"}],"replies":[{"embeddable":true,"href":"https:\/\/eunosweb.org\/tr\/wp-json\/wp\/v2\/comments?post=46"}],"version-history":[{"count":4,"href":"https:\/\/eunosweb.org\/tr\/wp-json\/wp\/v2\/pages\/46\/revisions"}],"predecessor-version":[{"id":4227,"href":"https:\/\/eunosweb.org\/tr\/wp-json\/wp\/v2\/pages\/46\/revisions\/4227"}],"wp:attachment":[{"href":"https:\/\/eunosweb.org\/tr\/wp-json\/wp\/v2\/media?parent=46"}],"curies":[{"name":"wp","href":"https:\/\/api.w.org\/{rel}","templated":true}]}}