{"id":46,"date":"2023-08-08T16:57:18","date_gmt":"2023-08-08T16:57:18","guid":{"rendered":"https:\/\/defiscalisant.com\/?page_id=46"},"modified":"2026-01-01T12:25:44","modified_gmt":"2026-01-01T12:25:44","slug":"kontakty","status":"publish","type":"page","link":"https:\/\/eunosweb.org\/sl\/kontakty\/","title":{"rendered":"Kontakti"},"content":{"rendered":"<h1>Hej, pi\u0161ite nam<\/h1>\n<p><img loading=\"lazy\" decoding=\"async\" class=\"size-full wp-image-4193 alignright\" src=\"https:\/\/eunosweb.org\/wp-content\/uploads\/2026\/01\/30.jpg\" alt=\"\" width=\"322\" height=\"483\" srcset=\"https:\/\/eunosweb.org\/wp-content\/uploads\/2026\/01\/30.jpg 460w, https:\/\/eunosweb.org\/wp-content\/uploads\/2026\/01\/30-200x300.jpg 200w, https:\/\/eunosweb.org\/wp-content\/uploads\/2026\/01\/30-8x12.jpg 8w\" sizes=\"auto, (max-width: 322px) 100vw, 322px\" \/>Torej ima\u0161 kaj povedati? Super. Ne glede na to, ali se spletno mesto obna\u0161a narobe ravno, ko gre na bolje, ali ima\u0161 te\u017eave z obra\u010dunavanjem ali pa samo \u017eeli\u0161 za\u0161epetati kak\u0161en umazan predlog o novi sceni z spekulumom \u2013 poslu\u0161amo. Ne, res ne, preberemo vsako sporo\u010dilo. V\u010dasih z dvignjenimi obrvmi, v\u010dasih z nasme\u0161kom. Presene\u010deni bi bili, kaj vse pristane v na\u0161em nabiralniku.<\/p>\n<p>Ne nudimo telefonske podpore (oprostite, tukaj ni no\u010dnih telefonskih linij za medicinske sestre), klepet v \u017eivo pa \u0161e ni na voljo \u2013 krivite prora\u010dun ali karkoli \u017ee. E-po\u0161ta je na potezi. Omogo\u010da diskretnost, nam omogo\u010da, da dejansko popravimo stvari, namesto da hitimo s klici, in iskreno povedano, \u010de natipkate svoje divje ideje, imate \u010das, da jih \u0161e bolj uma\u017eete.<\/p>\n<h2>Izberi svoj strup<\/h2>\n<p><span class=\"email\">support@eunosweb.com<\/span> \u2013 Tehni\u010dne zadeve. Ne morete se prijaviti? Video se nalaga kot zama\u0161en kateter? Povejte nam svoj brskalnik, napravo, kaj ste gledali, ko se je pokvaril \u2013 ve\u010d podrobnosti, hitreje ga bomo popravili. Dodatne to\u010dke, \u010de prilo\u017eite posnetke zaslona. Tukaj imamo radi vizualne pripomo\u010dke.<\/p>\n<p><span class=\"email\">billing@eunosweb.com<\/span> \u2013 Denarni pogovori. Naro\u010dnina se ne prekli\u010de? Bremenitev izgleda \u010dudno? Potrebujete vra\u010dilo denarja, ker vam je \u017eivljenje prekri\u017ealo \u010das za seks? Izberite tole. Glede vra\u010dil denarja smo precej mirni v razumnih mejah \u2013 le ne jezite se.<\/p>\n<p><span class=\"email\">ideje@eunosweb.com<\/span> \u2013 \u0160katla za zabavo. Ima\u0161 kak\u0161no fantazijo, ki \u0161e ni bila posneta? Misli\u0161, da potrebujemo ve\u010d lateks rokavic, rektalnih temperatur ali tisti \u010duden postopek, ki ga ne more\u0161 nikjer najti? Povej. Najbolj\u0161e ideje v\u010dasih pridejo od vas perverzne\u017eev, in ja, nekaj smo jih \u017ee uresni\u010dili. Brez obljub, ampak prebrali jo bomo in morda zardeli.<\/p>\n<h2>Ali pa uporabite ta obrazec (ne bomo ugriznili)<\/h2>\n\n<div class=\"wpcf7 no-js\" id=\"wpcf7-f184-o1\" lang=\"en-US\" dir=\"ltr\">\n<div class=\"screen-reader-response\"><p role=\"status\" aria-live=\"polite\" aria-atomic=\"true\"><\/p> <ul><\/ul><\/div>\n<form action=\"\/sl\/wp-json\/wp\/v2\/pages\/46#wpcf7-f184-o1\" method=\"post\" class=\"wpcf7-form init\" aria-label=\"Contact form\" novalidate=\"novalidate\" data-status=\"init\" data-trp-original-action=\"\/sl\/wp-json\/wp\/v2\/pages\/46#wpcf7-f184-o1\">\n<div style=\"display: none;\">\n<input type=\"hidden\" name=\"_wpcf7\" value=\"184\" \/>\n<input type=\"hidden\" name=\"_wpcf7_version\" value=\"5.8\" \/>\n<input type=\"hidden\" name=\"_wpcf7_locale\" value=\"en_US\" \/>\n<input type=\"hidden\" name=\"_wpcf7_unit_tag\" value=\"wpcf7-f184-o1\" \/>\n<input type=\"hidden\" name=\"_wpcf7_container_post\" value=\"0\" \/>\n<input type=\"hidden\" name=\"_wpcf7_posted_data_hash\" value=\"\" \/>\n<\/div>\n<p><label> Tvoje ime<br \/>\n<span class=\"wpcf7-form-control-wrap\" data-name=\"your-name\"><input size=\"40\" class=\"wpcf7-form-control wpcf7-text wpcf7-validates-as-required\" autocomplete=\"name\" aria-required=\"true\" aria-invalid=\"false\" value=\"\" type=\"text\" name=\"your-name\" \/><\/span> <\/label>\n<\/p>\n<p><label> Va\u0161 e-po\u0161tni naslov<br \/>\n<span class=\"wpcf7-form-control-wrap\" data-name=\"your-email\"><input size=\"40\" class=\"wpcf7-form-control wpcf7-email wpcf7-validates-as-required wpcf7-text wpcf7-validates-as-email\" autocomplete=\"email\" aria-required=\"true\" aria-invalid=\"false\" value=\"\" type=\"email\" name=\"your-email\" \/><\/span> <\/label>\n<\/p>\n<p><label> Predmet<br \/>\n<span class=\"wpcf7-form-control-wrap\" data-name=\"your-subject\"><input size=\"40\" class=\"wpcf7-form-control wpcf7-text wpcf7-validates-as-required\" aria-required=\"true\" aria-invalid=\"false\" value=\"\" type=\"text\" name=\"your-subject\" \/><\/span> <\/label>\n<\/p>\n<p><label> Va\u0161e sporo\u010dilo (neobvezno)<br \/>\n<span class=\"wpcf7-form-control-wrap\" data-name=\"your-message\"><textarea cols=\"40\" rows=\"10\" class=\"wpcf7-form-control wpcf7-textarea\" aria-invalid=\"false\" name=\"your-message\"><\/textarea><\/span> <\/label>\n<\/p>\n<p><input class=\"wpcf7-form-control wpcf7-submit has-spinner\" type=\"submit\" value=\"Predlo\u017ei\" \/>\n<\/p><div class=\"wpcf7-response-output\" aria-hidden=\"true\"><\/div>\n<input type=\"hidden\" name=\"trp-form-language\" value=\"sl\"\/><\/form>\n<\/div>\n\n<p class=\"note\"><img loading=\"lazy\" decoding=\"async\" class=\"size-full wp-image-4176 alignleft\" src=\"https:\/\/eunosweb.org\/wp-content\/uploads\/2026\/01\/13.jpg\" alt=\"\" width=\"253\" height=\"380\" srcset=\"https:\/\/eunosweb.org\/wp-content\/uploads\/2026\/01\/13.jpg 460w, https:\/\/eunosweb.org\/wp-content\/uploads\/2026\/01\/13-200x300.jpg 200w, https:\/\/eunosweb.org\/wp-content\/uploads\/2026\/01\/13-8x12.jpg 8w\" sizes=\"auto, (max-width: 253px) 100vw, 253px\" \/>Obi\u010dajno odgovorimo v 24\u201348 urah. Ob vikendih je morda po\u010dasneje \u2013 tudi ekipa si mora napolniti baterije, veste. \u010ce je nujno (na primer, \u010de ste sredi seje zaklenjeni zunaj), v zadevo dodajte \u00bbNUJNO\u00ab in poslali vam bomo sporo\u010dilo hitreje.<\/p>\n<p>\u0160e zadnja stvar: ne po\u0161iljajte dejanskih golih fotografij ali osebnih slik, razen \u010de se strinjate, da jih vidimo (verjetno jih bomo tako ali tako izbrisali zaradi pravnih razlogov). In ne, v zahtevkih za podporo se z vami ne bomo igrali vlog. To energijo prihranite za vsebino \u2013 za to imamo izvajalce.<\/p>\n<p>Prav, to je to. Kar streljaj. Tukaj smo, smo queer (no, nekateri od nas) in pripravljeni smo na vse, kar nam boste priskrbeli.<\/p>\n<p>Ostani perverzna,<br \/>Ekipa Eunosweba<\/p>","protected":false},"excerpt":{"rendered":"<p>Hej, pi\u0161ite nam. Torej imate kaj povedati? Super. Ne glede na to, ali je spletno mesto<\/p>","protected":false},"author":1,"featured_media":0,"parent":0,"menu_order":0,"comment_status":"closed","ping_status":"closed","template":"","meta":{"footnotes":""},"class_list":["post-46","page","type-page","status-publish","hentry"],"yoast_head":"<!-- This site is optimized with the Yoast SEO plugin v20.13 - https:\/\/yoast.com\/wordpress\/plugins\/seo\/ -->\n<title>Contacts - eunosweb<\/title>\n<meta name=\"robots\" content=\"index, follow, max-snippet:-1, max-image-preview:large, max-video-preview:-1\" \/>\n<link rel=\"canonical\" href=\"https:\/\/eunosweb.org\/sl\/kontakty\/\" \/>\n<meta property=\"og:locale\" content=\"sl_SI\" \/>\n<meta property=\"og:type\" content=\"article\" \/>\n<meta property=\"og:title\" content=\"Contacts - eunosweb\" \/>\n<meta property=\"og:description\" content=\"Hey, Drop Us a Line So you\u2019ve got something to say? Awesome. Whether the site\u2019s\" \/>\n<meta property=\"og:url\" content=\"https:\/\/eunosweb.org\/sl\/kontakty\/\" \/>\n<meta property=\"og:site_name\" content=\"eunosweb\" \/>\n<meta property=\"article:modified_time\" content=\"2026-01-01T12:25:44+00:00\" \/>\n<meta property=\"og:image\" content=\"https:\/\/eunosweb.org\/wp-content\/uploads\/2026\/01\/30.jpg\" \/>\n<meta name=\"twitter:card\" content=\"summary_large_image\" \/>\n<meta name=\"twitter:label1\" content=\"Est. reading time\" \/>\n\t<meta name=\"twitter:data1\" content=\"1 minuta\" \/>\n<script type=\"application\/ld+json\" class=\"yoast-schema-graph\">{\"@context\":\"https:\/\/schema.org\",\"@graph\":[{\"@type\":\"WebPage\",\"@id\":\"https:\/\/eunosweb.org\/kontakty\/\",\"url\":\"https:\/\/eunosweb.org\/kontakty\/\",\"name\":\"Contacts - eunosweb\",\"isPartOf\":{\"@id\":\"https:\/\/eunosweb.org\/#website\"},\"datePublished\":\"2023-08-08T16:57:18+00:00\",\"dateModified\":\"2026-01-01T12:25:44+00:00\",\"breadcrumb\":{\"@id\":\"https:\/\/eunosweb.org\/kontakty\/#breadcrumb\"},\"inLanguage\":\"sl-SI\",\"potentialAction\":[{\"@type\":\"ReadAction\",\"target\":[\"https:\/\/eunosweb.org\/kontakty\/\"]}]},{\"@type\":\"BreadcrumbList\",\"@id\":\"https:\/\/eunosweb.org\/kontakty\/#breadcrumb\",\"itemListElement\":[{\"@type\":\"ListItem\",\"position\":1,\"name\":\"\u0413\u043b\u0430\u0432\u043d\u0430\u044f \u0441\u0442\u0440\u0430\u043d\u0438\u0446\u0430\",\"item\":\"https:\/\/eunosweb.org\/\"},{\"@type\":\"ListItem\",\"position\":2,\"name\":\"Contacts\"}]},{\"@type\":\"WebSite\",\"@id\":\"https:\/\/eunosweb.org\/#website\",\"url\":\"https:\/\/eunosweb.org\/\",\"name\":\"eunosweb\",\"description\":\"Ultimate Multilingual Catalog of Alluring Adventures: Top Escort Virtual Chats!\",\"publisher\":{\"@id\":\"https:\/\/eunosweb.org\/#organization\"},\"potentialAction\":[{\"@type\":\"SearchAction\",\"target\":{\"@type\":\"EntryPoint\",\"urlTemplate\":\"https:\/\/eunosweb.org\/?s={search_term_string}\"},\"query-input\":\"required name=search_term_string\"}],\"inLanguage\":\"sl-SI\"},{\"@type\":\"Organization\",\"@id\":\"https:\/\/eunosweb.org\/#organization\",\"name\":\"eunosweb\",\"url\":\"https:\/\/eunosweb.org\/\",\"logo\":{\"@type\":\"ImageObject\",\"inLanguage\":\"sl-SI\",\"@id\":\"https:\/\/eunosweb.org\/#\/schema\/logo\/image\/\",\"url\":\"https:\/\/eunosweb.org\/wp-content\/uploads\/2023\/08\/logo-1.png\",\"contentUrl\":\"https:\/\/eunosweb.org\/wp-content\/uploads\/2023\/08\/logo-1.png\",\"width\":220,\"height\":28,\"caption\":\"eunosweb\"},\"image\":{\"@id\":\"https:\/\/eunosweb.org\/#\/schema\/logo\/image\/\"}}]}<\/script>\n<!-- \/ Yoast SEO plugin. -->","yoast_head_json":{"title":"Contacts - eunosweb","robots":{"index":"index","follow":"follow","max-snippet":"max-snippet:-1","max-image-preview":"max-image-preview:large","max-video-preview":"max-video-preview:-1"},"canonical":"https:\/\/eunosweb.org\/sl\/kontakty\/","og_locale":"sl_SI","og_type":"article","og_title":"Contacts - eunosweb","og_description":"Hey, Drop Us a Line So you\u2019ve got something to say? Awesome. Whether the site\u2019s","og_url":"https:\/\/eunosweb.org\/sl\/kontakty\/","og_site_name":"eunosweb","article_modified_time":"2026-01-01T12:25:44+00:00","og_image":[{"url":"https:\/\/eunosweb.org\/wp-content\/uploads\/2026\/01\/30.jpg"}],"twitter_card":"summary_large_image","twitter_misc":{"Est. reading time":"1 minuta"},"schema":{"@context":"https:\/\/schema.org","@graph":[{"@type":"WebPage","@id":"https:\/\/eunosweb.org\/kontakty\/","url":"https:\/\/eunosweb.org\/kontakty\/","name":"Contacts - eunosweb","isPartOf":{"@id":"https:\/\/eunosweb.org\/#website"},"datePublished":"2023-08-08T16:57:18+00:00","dateModified":"2026-01-01T12:25:44+00:00","breadcrumb":{"@id":"https:\/\/eunosweb.org\/kontakty\/#breadcrumb"},"inLanguage":"sl-SI","potentialAction":[{"@type":"ReadAction","target":["https:\/\/eunosweb.org\/kontakty\/"]}]},{"@type":"BreadcrumbList","@id":"https:\/\/eunosweb.org\/kontakty\/#breadcrumb","itemListElement":[{"@type":"ListItem","position":1,"name":"\u0413\u043b\u0430\u0432\u043d\u0430\u044f \u0441\u0442\u0440\u0430\u043d\u0438\u0446\u0430","item":"https:\/\/eunosweb.org\/"},{"@type":"ListItem","position":2,"name":"Contacts"}]},{"@type":"WebSite","@id":"https:\/\/eunosweb.org\/#website","url":"https:\/\/eunosweb.org\/","name":"eunosweb","description":"Ultimate Multilingual Catalog of Alluring Adventures: Top Escort Virtual Chats!","publisher":{"@id":"https:\/\/eunosweb.org\/#organization"},"potentialAction":[{"@type":"SearchAction","target":{"@type":"EntryPoint","urlTemplate":"https:\/\/eunosweb.org\/?s={search_term_string}"},"query-input":"required name=search_term_string"}],"inLanguage":"sl-SI"},{"@type":"Organization","@id":"https:\/\/eunosweb.org\/#organization","name":"eunosweb","url":"https:\/\/eunosweb.org\/","logo":{"@type":"ImageObject","inLanguage":"sl-SI","@id":"https:\/\/eunosweb.org\/#\/schema\/logo\/image\/","url":"https:\/\/eunosweb.org\/wp-content\/uploads\/2023\/08\/logo-1.png","contentUrl":"https:\/\/eunosweb.org\/wp-content\/uploads\/2023\/08\/logo-1.png","width":220,"height":28,"caption":"eunosweb"},"image":{"@id":"https:\/\/eunosweb.org\/#\/schema\/logo\/image\/"}}]}},"_links":{"self":[{"href":"https:\/\/eunosweb.org\/sl\/wp-json\/wp\/v2\/pages\/46","targetHints":{"allow":["GET"]}}],"collection":[{"href":"https:\/\/eunosweb.org\/sl\/wp-json\/wp\/v2\/pages"}],"about":[{"href":"https:\/\/eunosweb.org\/sl\/wp-json\/wp\/v2\/types\/page"}],"author":[{"embeddable":true,"href":"https:\/\/eunosweb.org\/sl\/wp-json\/wp\/v2\/users\/1"}],"replies":[{"embeddable":true,"href":"https:\/\/eunosweb.org\/sl\/wp-json\/wp\/v2\/comments?post=46"}],"version-history":[{"count":4,"href":"https:\/\/eunosweb.org\/sl\/wp-json\/wp\/v2\/pages\/46\/revisions"}],"predecessor-version":[{"id":4227,"href":"https:\/\/eunosweb.org\/sl\/wp-json\/wp\/v2\/pages\/46\/revisions\/4227"}],"wp:attachment":[{"href":"https:\/\/eunosweb.org\/sl\/wp-json\/wp\/v2\/media?parent=46"}],"curies":[{"name":"wp","href":"https:\/\/api.w.org\/{rel}","templated":true}]}}