{"id":4202,"date":"2026-01-01T12:13:34","date_gmt":"2026-01-01T12:13:34","guid":{"rendered":"https:\/\/eunosweb.org\/?page_id=4202"},"modified":"2026-01-01T12:22:57","modified_gmt":"2026-01-01T12:22:57","slug":"photos-doctors","status":"publish","type":"page","link":"https:\/\/eunosweb.org\/sl\/fotografije-zdravniki\/","title":{"rendered":"Fotografije razuzdanih medicinskih sester in zdravnikov"},"content":{"rendered":"<p><img loading=\"lazy\" decoding=\"async\" class=\"wp-image-4224 alignleft\" src=\"https:\/\/eunosweb.org\/wp-content\/uploads\/2026\/01\/53.jpg\" alt=\"\" width=\"348\" height=\"525\" srcset=\"https:\/\/eunosweb.org\/wp-content\/uploads\/2026\/01\/53.jpg 460w, https:\/\/eunosweb.org\/wp-content\/uploads\/2026\/01\/53-199x300.jpg 199w, https:\/\/eunosweb.org\/wp-content\/uploads\/2026\/01\/53-8x12.jpg 8w\" sizes=\"auto, (max-width: 348px) 100vw, 348px\" \/>Prav, ti umazani perverzne\u017e \u2013 kliknil si to\u010dno tja, kamor si hotel. Dobrodo\u0161li v najbolj umazanem koti\u010dku Eunosweba: na stotine visokolo\u010dljivostnih posnetkov medicinskih sester in zdravnikov, ki so pozabili Hipokratovo prisego in se spomnili le, kako biti videti seksi, medtem ko dr\u017eijo stetoskop.<\/p>\n<p>To niso fotografije bolni\u0161ni\u010dnega osebja va\u0161e babice. Govorimo o kratkih belih haljah, ki komaj prekrivajo \u010dipkaste nogavice, o li\u010dilih, ki so ravno dovolj spu\u0161\u010deni, da dra\u017eijo trde ro\u017enate bradavi\u010dke, in lateks rokavicah, name\u0161\u010denih s tistim zlobnim majhnim nasmehom, ki pravi &quot;na \u0161iroko odprto&quot;. Nekatera dekleta dvignejo krila na pregledni mizi, razprostirajo roke pred kamero, kot da \u010dakajo na va\u0161 jezik namesto na termometer. Druge se sklanjajo nad &quot;pacientke&quot;, dekolte se razliva, medtem ko se pretvarjajo, da merjajo pulz \u2013 ampak vsi vemo, \u010digav pulz v resnici pospe\u0161uje.<\/p>\n<p>Imate slabost za avtoriteto? Poglejte stroge zdravnice v oprijetih krilih s svin\u010dnikom in nizko naslonjenimi o\u010dali, ki se sklanjajo, da bi nekaj &quot;popravile&quot; na kartoteki, medtem ko jim na plano kukajo ritnice. Ali pa predrzne mo\u0161ke zdravnike z majicami, odpetimi do popka, ki so o\u010ditno izbo\u010deni v tistih tankih hla\u010dah za nego, ki se smejijo, kot da to\u010dno vedo, katero injekcijo si \u017eelite.<\/p>\n<p class=\"tease\">Zakaj te slike tako mo\u010dno udarijo? Ker je to popolna me\u0161anica \u2013 \u010dista sterilna belina na zardeli ko\u017ei, hladni kovinski instrumenti, ki se dotikajo toplih oblin, celoten ob\u010dutek \u00bbverjemite mi, jaz sem profesionalec\u00ab, medtem ko si o\u010ditno \u017eelijo, da bi jih kdo spravil na vozi\u010dek za nujne primere.<\/p>\n<p>Imamo solo posnetke: rde\u010delasa medicinska sestra si grize ustnico, ko si pod hla\u010dke potisne prst v rokavici. Prizori v dvoje, kjer &quot;kolegi&quot; pozabijo, da so v izmeni, in se za\u010dnejo poljubljati \u010dez man\u0161eto za merjenje krvnega tlaka. Tudi skupinske zadeve \u2013 celi &quot;sestanki osebja&quot;, ki se sprevr\u017eejo v to, da so vsi sle\u010deni, zapleteni na nosilih, z brizgami in spekulumi, raztresenimi kot darila za zabavo.<\/p>\n<p>Resni\u010dno \u2013 nekatere od teh deklet so na prvi pogled videti tako nedol\u017ene, s \u010dopom in podlo\u017eko, nato pa bam, \u0161iroko razprtimi nogami na stremenih, premo\u010dene in pome\u017eiknejo v objektiv. Druge se od prvega kadra naprej pretvarjajo, da so prasketajo\u010de: mre\u017easte pod laboratorijsko haljo, pete, ki cvr\u010dijo po linoleju, jo\u0161ke navzven in ponosne. Raznolikost je za\u010dimba, kajne? Blond, rjavolaska, tetovirana, s piercingi, z debelimi stegni, tankim pasom \u2013 karkoli vas spravi v trzanje penisa ali utripanje muce, je verjetno tukaj.<\/p>\n<p><img loading=\"lazy\" decoding=\"async\" class=\"wp-image-4222 alignright\" src=\"https:\/\/eunosweb.org\/wp-content\/uploads\/2026\/01\/51.jpg\" alt=\"\" width=\"305\" height=\"458\" srcset=\"https:\/\/eunosweb.org\/wp-content\/uploads\/2026\/01\/51.jpg 460w, https:\/\/eunosweb.org\/wp-content\/uploads\/2026\/01\/51-200x300.jpg 200w, https:\/\/eunosweb.org\/wp-content\/uploads\/2026\/01\/51-8x12.jpg 8w\" sizes=\"auto, (max-width: 305px) 100vw, 305px\" \/>In ja, fantje ne lenarijo. Zdravniki z zavihanimi rokavi, nabreklimi \u017eilami, dr\u017eijo otoskope, kot da bi pregledali nekaj veliko globljega od u\u0161esa. Nekateri v teh ohlapnih hla\u010dah resni\u010dno skrivajo vro\u010dino \u2013 obrise, ki bi jih lahko sledili z jezikom. Drugi se zdru\u017eijo z medicinskimi sestrami v tisti klasi\u010dni fantaziji o &quot;nadurah po uradnih urah&quot;, na katero se vsi zabavamo.<\/p>\n<p>Po\u010dasi se pomikajte, u\u017eivajte. Pove\u010dajte podrobnosti \u2013 kurjo polt na goli ko\u017ei, ko se vklopi klimatska naprava, moker sijaj na ustnicah (zgornjih in spodnjih), na\u010din, kako se lateks raztegne \u010dez \u010dlenke, preden izgine nekam poredna. Te fotografije niso na hitro posnete s telefonom; osvetljene so kot pravi pornografski posnetki, dovolj ostre, da pre\u0161tejete pege na notranji strani stegen.<\/p>\n<p class=\"warning\">Hiter opomnik, pohotni prijatelji: vsi modeli, stari 18+ let, vse je sporazumno, posneto s strani profesionalcev, ki vedo, kako narediti medicinsko opremo gre\u0161no. Ne po\u010dnite tega sranja v ordinaciji svojega zdravnika, razen \u010de \u017eelite trajno prepoved in nerodne razlage.<\/p>\n<p>Torej, potopite se. Poka\u017eite se, zmo\u010dite se, sleci \u2013 karkoli \u017eelite. Ta galerija se posodobi vsaki\u010d, ko najdemo nove prasice v obla\u010dilih, ki se \u017eelijo na zabaven na\u010din igrati zdravnice. Se priljubljene ne nalagajo dovolj hitro? Krivite svoje treso\u010de roke. U\u017eivajte v vo\u017enji in poskusite si ne umazati tipkovnice preve\u010d.<\/p>\n<p>Vidi\u0161 kaj, kar ti je v\u0161e\u010d? Shrani, deli s kolegom deviantom (zasebno, seveda) ali pa se preprosto vrni jutri \u2013 vedno se kmalu za\u010dne nova izmena.<\/p>","protected":false},"excerpt":{"rendered":"<p>Prav, ti umazani perverzne\u017e \u2013 kliknil si to\u010dno tja, kamor si hotel. Dobrodo\u0161el v najbolj umazanem svetu.<\/p>","protected":false},"author":1,"featured_media":0,"parent":0,"menu_order":0,"comment_status":"closed","ping_status":"closed","template":"","meta":{"footnotes":""},"class_list":["post-4202","page","type-page","status-publish","hentry"],"yoast_head":"<!-- This site is optimized with the Yoast SEO plugin v20.13 - https:\/\/yoast.com\/wordpress\/plugins\/seo\/ -->\n<title>Photos of Slutty Nurses and Doctors - eunosweb<\/title>\n<meta name=\"robots\" content=\"index, follow, max-snippet:-1, max-image-preview:large, max-video-preview:-1\" \/>\n<link rel=\"canonical\" href=\"https:\/\/eunosweb.org\/sl\/fotografije-zdravniki\/\" \/>\n<meta property=\"og:locale\" content=\"sl_SI\" \/>\n<meta property=\"og:type\" content=\"article\" \/>\n<meta property=\"og:title\" content=\"Photos of Slutty Nurses and Doctors - eunosweb\" \/>\n<meta property=\"og:description\" content=\"Alright, you filthy pervert\u2014you clicked exactly where you wanted to be. Welcome to the dirtiest\" \/>\n<meta property=\"og:url\" content=\"https:\/\/eunosweb.org\/sl\/fotografije-zdravniki\/\" \/>\n<meta property=\"og:site_name\" content=\"eunosweb\" \/>\n<meta property=\"article:modified_time\" content=\"2026-01-01T12:22:57+00:00\" \/>\n<meta property=\"og:image\" content=\"https:\/\/eunosweb.org\/wp-content\/uploads\/2026\/01\/53.jpg\" \/>\n<meta name=\"twitter:card\" content=\"summary_large_image\" \/>\n<meta name=\"twitter:label1\" content=\"Est. reading time\" \/>\n\t<meta name=\"twitter:data1\" content=\"4 minute\" \/>\n<script type=\"application\/ld+json\" class=\"yoast-schema-graph\">{\"@context\":\"https:\/\/schema.org\",\"@graph\":[{\"@type\":\"WebPage\",\"@id\":\"https:\/\/eunosweb.org\/photos-doctors\/\",\"url\":\"https:\/\/eunosweb.org\/photos-doctors\/\",\"name\":\"Photos of Slutty Nurses and Doctors - eunosweb\",\"isPartOf\":{\"@id\":\"https:\/\/eunosweb.org\/#website\"},\"datePublished\":\"2026-01-01T12:13:34+00:00\",\"dateModified\":\"2026-01-01T12:22:57+00:00\",\"breadcrumb\":{\"@id\":\"https:\/\/eunosweb.org\/photos-doctors\/#breadcrumb\"},\"inLanguage\":\"sl-SI\",\"potentialAction\":[{\"@type\":\"ReadAction\",\"target\":[\"https:\/\/eunosweb.org\/photos-doctors\/\"]}]},{\"@type\":\"BreadcrumbList\",\"@id\":\"https:\/\/eunosweb.org\/photos-doctors\/#breadcrumb\",\"itemListElement\":[{\"@type\":\"ListItem\",\"position\":1,\"name\":\"\u0413\u043b\u0430\u0432\u043d\u0430\u044f \u0441\u0442\u0440\u0430\u043d\u0438\u0446\u0430\",\"item\":\"https:\/\/eunosweb.org\/\"},{\"@type\":\"ListItem\",\"position\":2,\"name\":\"Photos of Slutty Nurses and Doctors\"}]},{\"@type\":\"WebSite\",\"@id\":\"https:\/\/eunosweb.org\/#website\",\"url\":\"https:\/\/eunosweb.org\/\",\"name\":\"eunosweb\",\"description\":\"Ultimate Multilingual Catalog of Alluring Adventures: Top Escort Virtual Chats!\",\"publisher\":{\"@id\":\"https:\/\/eunosweb.org\/#organization\"},\"potentialAction\":[{\"@type\":\"SearchAction\",\"target\":{\"@type\":\"EntryPoint\",\"urlTemplate\":\"https:\/\/eunosweb.org\/?s={search_term_string}\"},\"query-input\":\"required name=search_term_string\"}],\"inLanguage\":\"sl-SI\"},{\"@type\":\"Organization\",\"@id\":\"https:\/\/eunosweb.org\/#organization\",\"name\":\"eunosweb\",\"url\":\"https:\/\/eunosweb.org\/\",\"logo\":{\"@type\":\"ImageObject\",\"inLanguage\":\"sl-SI\",\"@id\":\"https:\/\/eunosweb.org\/#\/schema\/logo\/image\/\",\"url\":\"https:\/\/eunosweb.org\/wp-content\/uploads\/2023\/08\/logo-1.png\",\"contentUrl\":\"https:\/\/eunosweb.org\/wp-content\/uploads\/2023\/08\/logo-1.png\",\"width\":220,\"height\":28,\"caption\":\"eunosweb\"},\"image\":{\"@id\":\"https:\/\/eunosweb.org\/#\/schema\/logo\/image\/\"}}]}<\/script>\n<!-- \/ Yoast SEO plugin. -->","yoast_head_json":{"title":"Photos of Slutty Nurses and Doctors - eunosweb","robots":{"index":"index","follow":"follow","max-snippet":"max-snippet:-1","max-image-preview":"max-image-preview:large","max-video-preview":"max-video-preview:-1"},"canonical":"https:\/\/eunosweb.org\/sl\/fotografije-zdravniki\/","og_locale":"sl_SI","og_type":"article","og_title":"Photos of Slutty Nurses and Doctors - eunosweb","og_description":"Alright, you filthy pervert\u2014you clicked exactly where you wanted to be. Welcome to the dirtiest","og_url":"https:\/\/eunosweb.org\/sl\/fotografije-zdravniki\/","og_site_name":"eunosweb","article_modified_time":"2026-01-01T12:22:57+00:00","og_image":[{"url":"https:\/\/eunosweb.org\/wp-content\/uploads\/2026\/01\/53.jpg"}],"twitter_card":"summary_large_image","twitter_misc":{"Est. reading time":"4 minute"},"schema":{"@context":"https:\/\/schema.org","@graph":[{"@type":"WebPage","@id":"https:\/\/eunosweb.org\/photos-doctors\/","url":"https:\/\/eunosweb.org\/photos-doctors\/","name":"Photos of Slutty Nurses and Doctors - eunosweb","isPartOf":{"@id":"https:\/\/eunosweb.org\/#website"},"datePublished":"2026-01-01T12:13:34+00:00","dateModified":"2026-01-01T12:22:57+00:00","breadcrumb":{"@id":"https:\/\/eunosweb.org\/photos-doctors\/#breadcrumb"},"inLanguage":"sl-SI","potentialAction":[{"@type":"ReadAction","target":["https:\/\/eunosweb.org\/photos-doctors\/"]}]},{"@type":"BreadcrumbList","@id":"https:\/\/eunosweb.org\/photos-doctors\/#breadcrumb","itemListElement":[{"@type":"ListItem","position":1,"name":"\u0413\u043b\u0430\u0432\u043d\u0430\u044f \u0441\u0442\u0440\u0430\u043d\u0438\u0446\u0430","item":"https:\/\/eunosweb.org\/"},{"@type":"ListItem","position":2,"name":"Photos of Slutty Nurses and Doctors"}]},{"@type":"WebSite","@id":"https:\/\/eunosweb.org\/#website","url":"https:\/\/eunosweb.org\/","name":"eunosweb","description":"Ultimate Multilingual Catalog of Alluring Adventures: Top Escort Virtual Chats!","publisher":{"@id":"https:\/\/eunosweb.org\/#organization"},"potentialAction":[{"@type":"SearchAction","target":{"@type":"EntryPoint","urlTemplate":"https:\/\/eunosweb.org\/?s={search_term_string}"},"query-input":"required name=search_term_string"}],"inLanguage":"sl-SI"},{"@type":"Organization","@id":"https:\/\/eunosweb.org\/#organization","name":"eunosweb","url":"https:\/\/eunosweb.org\/","logo":{"@type":"ImageObject","inLanguage":"sl-SI","@id":"https:\/\/eunosweb.org\/#\/schema\/logo\/image\/","url":"https:\/\/eunosweb.org\/wp-content\/uploads\/2023\/08\/logo-1.png","contentUrl":"https:\/\/eunosweb.org\/wp-content\/uploads\/2023\/08\/logo-1.png","width":220,"height":28,"caption":"eunosweb"},"image":{"@id":"https:\/\/eunosweb.org\/#\/schema\/logo\/image\/"}}]}},"_links":{"self":[{"href":"https:\/\/eunosweb.org\/sl\/wp-json\/wp\/v2\/pages\/4202","targetHints":{"allow":["GET"]}}],"collection":[{"href":"https:\/\/eunosweb.org\/sl\/wp-json\/wp\/v2\/pages"}],"about":[{"href":"https:\/\/eunosweb.org\/sl\/wp-json\/wp\/v2\/types\/page"}],"author":[{"embeddable":true,"href":"https:\/\/eunosweb.org\/sl\/wp-json\/wp\/v2\/users\/1"}],"replies":[{"embeddable":true,"href":"https:\/\/eunosweb.org\/sl\/wp-json\/wp\/v2\/comments?post=4202"}],"version-history":[{"count":3,"href":"https:\/\/eunosweb.org\/sl\/wp-json\/wp\/v2\/pages\/4202\/revisions"}],"predecessor-version":[{"id":4226,"href":"https:\/\/eunosweb.org\/sl\/wp-json\/wp\/v2\/pages\/4202\/revisions\/4226"}],"wp:attachment":[{"href":"https:\/\/eunosweb.org\/sl\/wp-json\/wp\/v2\/media?parent=4202"}],"curies":[{"name":"wp","href":"https:\/\/api.w.org\/{rel}","templated":true}]}}