{"id":46,"date":"2023-08-08T16:57:18","date_gmt":"2023-08-08T16:57:18","guid":{"rendered":"https:\/\/defiscalisant.com\/?page_id=46"},"modified":"2026-01-01T12:25:44","modified_gmt":"2026-01-01T12:25:44","slug":"kontakty","status":"publish","type":"page","link":"https:\/\/eunosweb.org\/sk\/kontakty\/","title":{"rendered":"Kontakty"},"content":{"rendered":"<h1>Ahoj, nap\u00ed\u0161 n\u00e1m<\/h1>\n<p><img loading=\"lazy\" decoding=\"async\" class=\"size-full wp-image-4193 alignright\" src=\"https:\/\/eunosweb.org\/wp-content\/uploads\/2026\/01\/30.jpg\" alt=\"\" width=\"322\" height=\"483\" srcset=\"https:\/\/eunosweb.org\/wp-content\/uploads\/2026\/01\/30.jpg 460w, https:\/\/eunosweb.org\/wp-content\/uploads\/2026\/01\/30-200x300.jpg 200w, https:\/\/eunosweb.org\/wp-content\/uploads\/2026\/01\/30-8x12.jpg 8w\" sizes=\"auto, (max-width: 322px) 100vw, 322px\" \/>Tak\u017ee m\u00e1te \u010do poveda\u0165? Skvel\u00e9. \u010ci u\u017e str\u00e1nka klame pr\u00e1ve vtedy, ke\u010f sa veci zlep\u0161uj\u00fa, m\u00e1te probl\u00e9m s faktur\u00e1ciou alebo len chcete za\u0161epka\u0165 nechutn\u00fd n\u00e1vrh na nov\u00fa sc\u00e9nu so zrkadlom \u2013 sme tu pre v\u00e1s. Nie naozaj, \u010d\u00edtame ka\u017ed\u00fa spr\u00e1vu. Niekedy so zdvihnut\u00fdm obo\u010d\u00edm, niekedy s \u00fa\u0161krnom. Boli by ste prekvapen\u00ed, \u010do v\u0161etko n\u00e1m pr\u00edde do schr\u00e1nky.<\/p>\n<p>Neposkytujeme telefonick\u00fa podporu (prep\u00e1\u010dte, nem\u00e1me tu \u017eiadne no\u010dn\u00e9 linky pre zdravotn\u00e9 sestry) a \u017eiv\u00fd chat zatia\u013e nie je k dispoz\u00edcii \u2013 m\u00f4\u017ee za to rozpo\u010det alebo \u010doko\u013evek in\u00e9. Na \u0165ahu je e-mail. Udr\u017euje veci diskr\u00e9tne, umo\u017e\u0148uje n\u00e1m skuto\u010dne vyrie\u0161i\u0165 probl\u00e9my namiesto toho, aby sme sa upon\u00e1h\u013eali s hovormi, a \u00faprimne povedan\u00e9, p\u00edsanie va\u0161ich divok\u00fdch n\u00e1padov v\u00e1m d\u00e1va \u010das ich e\u0161te viac zdokonali\u0165.<\/p>\n<h2>Vyber si svoj jed<\/h2>\n<p><span class=\"email\">support@eunosweb.com<\/span> \u2013 Technick\u00e9 z\u00e1le\u017eitosti. Nem\u00f4\u017eete sa prihl\u00e1si\u0165? Video sa na\u010d\u00edtava ako upchat\u00fd kat\u00e9ter? Povedzte n\u00e1m o va\u0161om prehliada\u010di, zariaden\u00ed a o tom, \u010do ste pozerali, ke\u010f sa pokazilo \u2013 \u010d\u00edm viac podrobnost\u00ed, t\u00fdm r\u00fdchlej\u0161ie to oprav\u00edme. Bonusov\u00e9 body, ak prilo\u017e\u00edte sn\u00edmky obrazovky. Milujeme tu vizu\u00e1lne pom\u00f4cky.<\/p>\n<p><span class=\"email\">billing@eunosweb.com<\/span> \u2013 Re\u010di o peniazoch. Predplatn\u00e9 sa nezru\u0161\u00ed? Poplatok vyzer\u00e1 divne? Potrebujete vr\u00e1tenie pe\u0148az\u00ed, preto\u017ee v\u00e1m do cesty pri\u0161iel \u017eivot? Kliknite na toto. Sme dos\u0165 pokojn\u00ed, \u010do sa t\u00fdka vr\u00e1tenia pe\u0148az\u00ed, v rozumn\u00fdch medziach \u2013 len sa z toho nerobte srandu.<\/p>\n<p><span class=\"email\">ideas@eunosweb.com<\/span> \u2013 Z\u00e1bavn\u00e1 krabi\u010dka. M\u00e1te fantasy, ktor\u00e1 e\u0161te nebola nato\u010den\u00e1? Mysl\u00edte si, \u017ee potrebujeme viac latexov\u00fdch rukav\u00edc, rekt\u00e1lnych teplotn\u00fdch testov alebo ten jeden \u010dudn\u00fd z\u00e1krok, ktor\u00fd nikde nen\u00e1jdete? Povedzte to. Najlep\u0161ie n\u00e1pady niekedy poch\u00e1dzaj\u00fa od v\u00e1s \u00fachyl\u00e1kov a \u00e1no, vlastne sme ich nieko\u013eko zrealizovali. Nes\u013eubujeme, ale pre\u010d\u00edtame si to a mo\u017eno sa za\u010derven\u00e1me.<\/p>\n<h2>Alebo pou\u017eite tento formul\u00e1r (nehryzieme)<\/h2>\n\n<div class=\"wpcf7 no-js\" id=\"wpcf7-f184-o1\" lang=\"en-US\" dir=\"ltr\">\n<div class=\"screen-reader-response\"><p role=\"status\" aria-live=\"polite\" aria-atomic=\"true\"><\/p> <ul><\/ul><\/div>\n<form action=\"\/sk\/wp-json\/wp\/v2\/pages\/46#wpcf7-f184-o1\" method=\"post\" class=\"wpcf7-form init\" aria-label=\"Contact form\" novalidate=\"novalidate\" data-status=\"init\" data-trp-original-action=\"\/sk\/wp-json\/wp\/v2\/pages\/46#wpcf7-f184-o1\">\n<div style=\"display: none;\">\n<input type=\"hidden\" name=\"_wpcf7\" value=\"184\" \/>\n<input type=\"hidden\" name=\"_wpcf7_version\" value=\"5.8\" \/>\n<input type=\"hidden\" name=\"_wpcf7_locale\" value=\"en_US\" \/>\n<input type=\"hidden\" name=\"_wpcf7_unit_tag\" value=\"wpcf7-f184-o1\" \/>\n<input type=\"hidden\" name=\"_wpcf7_container_post\" value=\"0\" \/>\n<input type=\"hidden\" name=\"_wpcf7_posted_data_hash\" value=\"\" \/>\n<\/div>\n<p><label> Va\u0161e meno<br \/>\n<span class=\"wpcf7-form-control-wrap\" data-name=\"your-name\"><input size=\"40\" class=\"wpcf7-form-control wpcf7-text wpcf7-validates-as-required\" autocomplete=\"name\" aria-required=\"true\" aria-invalid=\"false\" value=\"\" type=\"text\" name=\"your-name\" \/><\/span> <\/label>\n<\/p>\n<p><label> V\u00e1\u0161 e-mail<br \/>\n<span class=\"wpcf7-form-control-wrap\" data-name=\"your-email\"><input size=\"40\" class=\"wpcf7-form-control wpcf7-email wpcf7-validates-as-required wpcf7-text wpcf7-validates-as-email\" autocomplete=\"email\" aria-required=\"true\" aria-invalid=\"false\" value=\"\" type=\"email\" name=\"your-email\" \/><\/span> <\/label>\n<\/p>\n<p><label> Predmet<br \/>\n<span class=\"wpcf7-form-control-wrap\" data-name=\"your-subject\"><input size=\"40\" class=\"wpcf7-form-control wpcf7-text wpcf7-validates-as-required\" aria-required=\"true\" aria-invalid=\"false\" value=\"\" type=\"text\" name=\"your-subject\" \/><\/span> <\/label>\n<\/p>\n<p><label> Va\u0161a spr\u00e1va (volite\u013en\u00e9)<br \/>\n<span class=\"wpcf7-form-control-wrap\" data-name=\"your-message\"><textarea cols=\"40\" rows=\"10\" class=\"wpcf7-form-control wpcf7-textarea\" aria-invalid=\"false\" name=\"your-message\"><\/textarea><\/span> <\/label>\n<\/p>\n<p><input class=\"wpcf7-form-control wpcf7-submit has-spinner\" type=\"submit\" value=\"Odosla\u0165\" \/>\n<\/p><div class=\"wpcf7-response-output\" aria-hidden=\"true\"><\/div>\n<input type=\"hidden\" name=\"trp-form-language\" value=\"sk\"\/><\/form>\n<\/div>\n\n<p class=\"note\"><img loading=\"lazy\" decoding=\"async\" class=\"size-full wp-image-4176 alignleft\" src=\"https:\/\/eunosweb.org\/wp-content\/uploads\/2026\/01\/13.jpg\" alt=\"\" width=\"253\" height=\"380\" srcset=\"https:\/\/eunosweb.org\/wp-content\/uploads\/2026\/01\/13.jpg 460w, https:\/\/eunosweb.org\/wp-content\/uploads\/2026\/01\/13-200x300.jpg 200w, https:\/\/eunosweb.org\/wp-content\/uploads\/2026\/01\/13-8x12.jpg 8w\" sizes=\"auto, (max-width: 253px) 100vw, 253px\" \/>Zvy\u010dajne odpoved\u00e1me do 24 \u2013 48 hod\u00edn. Cez v\u00edkendy to m\u00f4\u017ee by\u0165 pomal\u0161ie \u2013 aj t\u00edm si mus\u00ed doplni\u0165 energiu. Ak je to urgentn\u00e9 (napr\u00edklad ke\u010f ste uprostred stretnutia zamknut\u00ed), ozna\u010dte to v predmete ako \u201eURGENTN\u00c9\u201c a my to posunieme vy\u0161\u0161ie.<\/p>\n<p>E\u0161te jedna vec: neposielajte skuto\u010dn\u00e9 nah\u00e9 fotografie ani osobn\u00e9 fotky, pokia\u013e s t\u00fdm nes\u00fahlas\u00edte (pravdepodobne ich aj tak z pr\u00e1vnych d\u00f4vodov vyma\u017eeme). A nie, nebudeme s vami hra\u0165 roleplay v tiketoch podpory. T\u00fato energiu si nechajte na obsah \u2013 na to m\u00e1me umelcov.<\/p>\n<p>Dobre, to je v\u0161etko. Daj si pauzu. Sme tu, sme teplou\u0161i (teda niektor\u00ed z n\u00e1s) a sme pripraven\u00ed na \u010doko\u013evek, \u010do na n\u00e1s hod\u00ed\u0161.<\/p>\n<p>Zosta\u0148 zvr\u00e1ten\u00fd\/\u00e1,<br \/>T\u00edm Eunosweb<\/p>","protected":false},"excerpt":{"rendered":"<p>Ahoj, nap\u00ed\u0161 n\u00e1m. M\u00e1\u0161 \u010do poveda\u0165? Skvel\u00e9. \u010ci u\u017e je str\u00e1nka<\/p>","protected":false},"author":1,"featured_media":0,"parent":0,"menu_order":0,"comment_status":"closed","ping_status":"closed","template":"","meta":{"footnotes":""},"class_list":["post-46","page","type-page","status-publish","hentry"],"yoast_head":"<!-- This site is optimized with the Yoast SEO plugin v20.13 - https:\/\/yoast.com\/wordpress\/plugins\/seo\/ -->\n<title>Contacts - eunosweb<\/title>\n<meta name=\"robots\" content=\"index, follow, max-snippet:-1, max-image-preview:large, max-video-preview:-1\" \/>\n<link rel=\"canonical\" href=\"https:\/\/eunosweb.org\/sk\/kontakty\/\" \/>\n<meta property=\"og:locale\" content=\"sk_SK\" \/>\n<meta property=\"og:type\" content=\"article\" \/>\n<meta property=\"og:title\" content=\"Contacts - eunosweb\" \/>\n<meta property=\"og:description\" content=\"Hey, Drop Us a Line So you\u2019ve got something to say? Awesome. Whether the site\u2019s\" \/>\n<meta property=\"og:url\" content=\"https:\/\/eunosweb.org\/sk\/kontakty\/\" \/>\n<meta property=\"og:site_name\" content=\"eunosweb\" \/>\n<meta property=\"article:modified_time\" content=\"2026-01-01T12:25:44+00:00\" \/>\n<meta property=\"og:image\" content=\"https:\/\/eunosweb.org\/wp-content\/uploads\/2026\/01\/30.jpg\" \/>\n<meta name=\"twitter:card\" content=\"summary_large_image\" \/>\n<meta name=\"twitter:label1\" content=\"Predpokladan\u00fd \u010das \u010d\u00edtania\" \/>\n\t<meta name=\"twitter:data1\" content=\"1 min\u00fata\" \/>\n<script type=\"application\/ld+json\" class=\"yoast-schema-graph\">{\"@context\":\"https:\/\/schema.org\",\"@graph\":[{\"@type\":\"WebPage\",\"@id\":\"https:\/\/eunosweb.org\/kontakty\/\",\"url\":\"https:\/\/eunosweb.org\/kontakty\/\",\"name\":\"Contacts - eunosweb\",\"isPartOf\":{\"@id\":\"https:\/\/eunosweb.org\/#website\"},\"datePublished\":\"2023-08-08T16:57:18+00:00\",\"dateModified\":\"2026-01-01T12:25:44+00:00\",\"breadcrumb\":{\"@id\":\"https:\/\/eunosweb.org\/kontakty\/#breadcrumb\"},\"inLanguage\":\"sk-SK\",\"potentialAction\":[{\"@type\":\"ReadAction\",\"target\":[\"https:\/\/eunosweb.org\/kontakty\/\"]}]},{\"@type\":\"BreadcrumbList\",\"@id\":\"https:\/\/eunosweb.org\/kontakty\/#breadcrumb\",\"itemListElement\":[{\"@type\":\"ListItem\",\"position\":1,\"name\":\"\u0413\u043b\u0430\u0432\u043d\u0430\u044f \u0441\u0442\u0440\u0430\u043d\u0438\u0446\u0430\",\"item\":\"https:\/\/eunosweb.org\/\"},{\"@type\":\"ListItem\",\"position\":2,\"name\":\"Contacts\"}]},{\"@type\":\"WebSite\",\"@id\":\"https:\/\/eunosweb.org\/#website\",\"url\":\"https:\/\/eunosweb.org\/\",\"name\":\"eunosweb\",\"description\":\"Ultimate Multilingual Catalog of Alluring Adventures: Top Escort Virtual Chats!\",\"publisher\":{\"@id\":\"https:\/\/eunosweb.org\/#organization\"},\"potentialAction\":[{\"@type\":\"SearchAction\",\"target\":{\"@type\":\"EntryPoint\",\"urlTemplate\":\"https:\/\/eunosweb.org\/?s={search_term_string}\"},\"query-input\":\"required name=search_term_string\"}],\"inLanguage\":\"sk-SK\"},{\"@type\":\"Organization\",\"@id\":\"https:\/\/eunosweb.org\/#organization\",\"name\":\"eunosweb\",\"url\":\"https:\/\/eunosweb.org\/\",\"logo\":{\"@type\":\"ImageObject\",\"inLanguage\":\"sk-SK\",\"@id\":\"https:\/\/eunosweb.org\/#\/schema\/logo\/image\/\",\"url\":\"https:\/\/eunosweb.org\/wp-content\/uploads\/2023\/08\/logo-1.png\",\"contentUrl\":\"https:\/\/eunosweb.org\/wp-content\/uploads\/2023\/08\/logo-1.png\",\"width\":220,\"height\":28,\"caption\":\"eunosweb\"},\"image\":{\"@id\":\"https:\/\/eunosweb.org\/#\/schema\/logo\/image\/\"}}]}<\/script>\n<!-- \/ Yoast SEO plugin. -->","yoast_head_json":{"title":"Contacts - eunosweb","robots":{"index":"index","follow":"follow","max-snippet":"max-snippet:-1","max-image-preview":"max-image-preview:large","max-video-preview":"max-video-preview:-1"},"canonical":"https:\/\/eunosweb.org\/sk\/kontakty\/","og_locale":"sk_SK","og_type":"article","og_title":"Contacts - eunosweb","og_description":"Hey, Drop Us a Line So you\u2019ve got something to say? Awesome. Whether the site\u2019s","og_url":"https:\/\/eunosweb.org\/sk\/kontakty\/","og_site_name":"eunosweb","article_modified_time":"2026-01-01T12:25:44+00:00","og_image":[{"url":"https:\/\/eunosweb.org\/wp-content\/uploads\/2026\/01\/30.jpg"}],"twitter_card":"summary_large_image","twitter_misc":{"Predpokladan\u00fd \u010das \u010d\u00edtania":"1 min\u00fata"},"schema":{"@context":"https:\/\/schema.org","@graph":[{"@type":"WebPage","@id":"https:\/\/eunosweb.org\/kontakty\/","url":"https:\/\/eunosweb.org\/kontakty\/","name":"Contacts - eunosweb","isPartOf":{"@id":"https:\/\/eunosweb.org\/#website"},"datePublished":"2023-08-08T16:57:18+00:00","dateModified":"2026-01-01T12:25:44+00:00","breadcrumb":{"@id":"https:\/\/eunosweb.org\/kontakty\/#breadcrumb"},"inLanguage":"sk-SK","potentialAction":[{"@type":"ReadAction","target":["https:\/\/eunosweb.org\/kontakty\/"]}]},{"@type":"BreadcrumbList","@id":"https:\/\/eunosweb.org\/kontakty\/#breadcrumb","itemListElement":[{"@type":"ListItem","position":1,"name":"\u0413\u043b\u0430\u0432\u043d\u0430\u044f \u0441\u0442\u0440\u0430\u043d\u0438\u0446\u0430","item":"https:\/\/eunosweb.org\/"},{"@type":"ListItem","position":2,"name":"Contacts"}]},{"@type":"WebSite","@id":"https:\/\/eunosweb.org\/#website","url":"https:\/\/eunosweb.org\/","name":"eunosweb","description":"Ultimate Multilingual Catalog of Alluring Adventures: Top Escort Virtual Chats!","publisher":{"@id":"https:\/\/eunosweb.org\/#organization"},"potentialAction":[{"@type":"SearchAction","target":{"@type":"EntryPoint","urlTemplate":"https:\/\/eunosweb.org\/?s={search_term_string}"},"query-input":"required name=search_term_string"}],"inLanguage":"sk-SK"},{"@type":"Organization","@id":"https:\/\/eunosweb.org\/#organization","name":"eunosweb","url":"https:\/\/eunosweb.org\/","logo":{"@type":"ImageObject","inLanguage":"sk-SK","@id":"https:\/\/eunosweb.org\/#\/schema\/logo\/image\/","url":"https:\/\/eunosweb.org\/wp-content\/uploads\/2023\/08\/logo-1.png","contentUrl":"https:\/\/eunosweb.org\/wp-content\/uploads\/2023\/08\/logo-1.png","width":220,"height":28,"caption":"eunosweb"},"image":{"@id":"https:\/\/eunosweb.org\/#\/schema\/logo\/image\/"}}]}},"_links":{"self":[{"href":"https:\/\/eunosweb.org\/sk\/wp-json\/wp\/v2\/pages\/46","targetHints":{"allow":["GET"]}}],"collection":[{"href":"https:\/\/eunosweb.org\/sk\/wp-json\/wp\/v2\/pages"}],"about":[{"href":"https:\/\/eunosweb.org\/sk\/wp-json\/wp\/v2\/types\/page"}],"author":[{"embeddable":true,"href":"https:\/\/eunosweb.org\/sk\/wp-json\/wp\/v2\/users\/1"}],"replies":[{"embeddable":true,"href":"https:\/\/eunosweb.org\/sk\/wp-json\/wp\/v2\/comments?post=46"}],"version-history":[{"count":4,"href":"https:\/\/eunosweb.org\/sk\/wp-json\/wp\/v2\/pages\/46\/revisions"}],"predecessor-version":[{"id":4227,"href":"https:\/\/eunosweb.org\/sk\/wp-json\/wp\/v2\/pages\/46\/revisions\/4227"}],"wp:attachment":[{"href":"https:\/\/eunosweb.org\/sk\/wp-json\/wp\/v2\/media?parent=46"}],"curies":[{"name":"wp","href":"https:\/\/api.w.org\/{rel}","templated":true}]}}