{"id":4202,"date":"2026-01-01T12:13:34","date_gmt":"2026-01-01T12:13:34","guid":{"rendered":"https:\/\/eunosweb.org\/?page_id=4202"},"modified":"2026-01-01T12:22:57","modified_gmt":"2026-01-01T12:22:57","slug":"photos-doctors","status":"publish","type":"page","link":"https:\/\/eunosweb.org\/sk\/fotografie-lekari\/","title":{"rendered":"Fotografie roztopa\u0161n\u00fdch sestier a lek\u00e1rov"},"content":{"rendered":"<p><img loading=\"lazy\" decoding=\"async\" class=\"wp-image-4224 alignleft\" src=\"https:\/\/eunosweb.org\/wp-content\/uploads\/2026\/01\/53.jpg\" alt=\"\" width=\"348\" height=\"525\" srcset=\"https:\/\/eunosweb.org\/wp-content\/uploads\/2026\/01\/53.jpg 460w, https:\/\/eunosweb.org\/wp-content\/uploads\/2026\/01\/53-199x300.jpg 199w, https:\/\/eunosweb.org\/wp-content\/uploads\/2026\/01\/53-8x12.jpg 8w\" sizes=\"auto, (max-width: 348px) 100vw, 348px\" \/>Dobre, ty \u0161pinav\u00fd \u00fachyl\u00e1k \u2013 trafil si sa presne tam, kam si chcel. Vitaj v naj\u0161pinav\u0161om k\u00fate Eunoswebu: stovky z\u00e1berov zdravotn\u00fdch sestier a lek\u00e1rov vo vysokom rozl\u00ed\u0161en\u00ed, ktor\u00ed zabudli na Hippokratovu pr\u00edsahu a pam\u00e4tali si len to, ako vyzera\u0165 sexy, ke\u010f dr\u017eia stetoskop.<\/p>\n<p>Toto nie s\u00fa fotky nemocni\u010dn\u00e9ho person\u00e1lu va\u0161ej starej mamy. Hovor\u00edme o kr\u00e1tkych bielych pl\u00e1\u0161\u0165och, ktor\u00e9 sotva zakr\u00fdvaj\u00fa \u010dipkovan\u00e9 pan\u010duchy, o pracovn\u00fdch uniform\u00e1ch stiahnut\u00fdch tak akur\u00e1t, aby dr\u00e1\u017edili tvrd\u00e9 ru\u017eov\u00e9 bradavky, o latexov\u00fdch rukaviciach nasaden\u00fdch s t\u00fdm zlomyse\u013en\u00fdm mal\u00fdm \u00fasmevom, ktor\u00fd hovor\u00ed \u201edokor\u00e1n sa otvor\u201c. Niektor\u00e9 diev\u010dat\u00e1 si na vy\u0161etrovacom stole vyhrn\u00fa sukne, roztiahnu pred fotoapar\u00e1tom konce, akoby \u010dakali na v\u00e1\u0161 jazyk namiesto teplomera. In\u00e9 sa nakl\u00e1\u0148aj\u00fa nad \u201epacientmi\u201c, odha\u013euj\u00fa v\u00fdstrih, zatia\u013e \u010do predstieraj\u00fa, \u017ee meraj\u00fa pulz \u2013 ale v\u0161etci vieme, komu pulz v skuto\u010dnosti bije zr\u00fdchlene.<\/p>\n<p>M\u00e1te slabos\u0165 pre autority? Pozrite sa na pr\u00edsne lek\u00e1rky v \u00fazkych ceruzkov\u00fdch sukniach, s okuliarmi n\u00edzko nasaden\u00fdmi, ako sa skl\u00e1\u0148aj\u00fa, aby si nie\u010do \u201eupravili\u201c na z\u00e1zname, zatia\u013e \u010do im vyk\u00fakaj\u00fa zadky. Alebo namyslen\u00fdch mu\u017esk\u00fdch lek\u00e1rov s ko\u0161e\u013eami rozopnut\u00fdmi a\u017e po pupok, ktor\u00ed sa v tenk\u00fdch nohaviciach vyduj\u00fa a u\u0161k\u0155\u0148aj\u00fa sa, akoby presne vedeli, o ak\u00fa injekciu si prajete.<\/p>\n<p class=\"tease\">Pre\u010do tieto fotky tak sakramentsky silno zap\u00f4sobia? Preto\u017ee je to t\u00e1 dokonal\u00e1 zmes \u2013 \u010dist\u00e1 steriln\u00e1 biela na za\u010dervenanej poko\u017eke, studen\u00e9 kovov\u00e9 n\u00e1stroje o\u0161etruj\u00face tepl\u00e9 krivky, cel\u00e1 t\u00e1 atmosf\u00e9ra \u201everte mi, som profesion\u00e1l\u201c, zatia\u013e \u010do sa o\u010dividne t\u00fa\u017eia dosta\u0165 na z\u00e1chvat hnevu.<\/p>\n<p>M\u00e1me s\u00f3lov\u00e9 z\u00e1bery: ry\u0161av\u00e1 zdravotn\u00e1 sestra si hryzie do pery, ke\u010f si zas\u00fava prst v rukavici pod nohavi\u010dky. Sc\u00e9ny s dvojit\u00fdm partnerom, kde \u201ekolegovia\u201c zabudn\u00fa, \u017ee s\u00fa na zmene a za\u010dn\u00fa sa bozk\u00e1va\u0165 cez tlakomer. Aj skupinov\u00e9 z\u00e1bery \u2013 cel\u00e9 \u201estretnutia zamestnancov\u201c, ktor\u00e9 sa zvrhn\u00fa na to, \u017ee v\u0161etci s\u00fa vyzle\u010den\u00ed, pomie\u0161an\u00ed na nosidl\u00e1ch, so strieka\u010dkami a zrkadlami rozh\u00e1dzan\u00fdmi ako dar\u010deky na p\u00e1rty.<\/p>\n<p>V\u00e1\u017ene \u2013 niektor\u00e9 z t\u00fdchto diev\u010dat vyzeraj\u00fa na prv\u00fd poh\u013ead tak nevinne, cop a podlo\u017eka pod nohami, potom bum, nohy do\u0161iroka na strme\u0148och, premo\u010den\u00e9 a \u017emurkaj\u00face do objekt\u00edvu. In\u00e9 sa od prv\u00e9ho z\u00e1beru prepn\u00fa do re\u017eimu \u00faplnej \u0161tetky: sie\u0165ovan\u00e9 pod laborat\u00f3rnym pl\u00e1\u0161\u0165om, op\u00e4tky cvakaj\u00face o linoleum, prsia natiahnut\u00e9 a hrd\u00e9. Rozmanitos\u0165 je koren\u00edm, v\u0161ak? Blond\u00ednka, brunetka, potetovan\u00e1, s piercingom, hrub\u00e9 stehn\u00e1, \u00fazky p\u00e1s \u2013 \u010doko\u013evek v\u00e1m trh\u00e1 penis alebo pulzuje vag\u00edna, pravdepodobne to tu je.<\/p>\n<p><img loading=\"lazy\" decoding=\"async\" class=\"wp-image-4222 alignright\" src=\"https:\/\/eunosweb.org\/wp-content\/uploads\/2026\/01\/51.jpg\" alt=\"\" width=\"305\" height=\"458\" srcset=\"https:\/\/eunosweb.org\/wp-content\/uploads\/2026\/01\/51.jpg 460w, https:\/\/eunosweb.org\/wp-content\/uploads\/2026\/01\/51-200x300.jpg 200w, https:\/\/eunosweb.org\/wp-content\/uploads\/2026\/01\/51-8x12.jpg 8w\" sizes=\"auto, (max-width: 305px) 100vw, 305px\" \/>A \u00e1no, chlapi nezah\u00e1\u013eaj\u00fa. Naf\u00fakan\u00ed lek\u00e1ri s vyhrnut\u00fdmi ruk\u00e1vmi, vypuknut\u00fdmi \u017eilami, dr\u017eiaci otoskopy, akoby sa chystali vy\u0161etri\u0165 nie\u010do ove\u013ea hlb\u0161ie ako va\u0161e ucho. Niektor\u00ed v t\u00fdch vo\u013en\u00fdch nohaviciach poriadne sexi \u2013 obrysy by ste mohli obkresli\u0165 jazykom. In\u00ed sa spoja so sestrami v tej klasickej fant\u00e1zii o \u201enad\u010dasoch po pracovnej dobe\u201c, na ktor\u00fa sa v\u0161etci masturbujeme.<\/p>\n<p>Pomaly rolujte, vychutnajte si to. Pribl\u00ed\u017ete sa na detaily \u2013 husia ko\u017ea na holej poko\u017eke, ke\u010f sa zapne klimatiz\u00e1cia, vlhk\u00fd lesk na per\u00e1ch (horn\u00fdch aj doln\u00fdch), sp\u00f4sob, ak\u00fdm sa latex natiahne cez k\u013aby, ne\u017e niekde zmizne. Tieto fotografie nie s\u00fa un\u00e1hlen\u00e9 z\u00e1bery z telef\u00f3nu; s\u00fa osvetlen\u00e9 ako poriadne porno, dostato\u010dne ostr\u00e9 na to, aby sa spo\u010d\u00edtali pehy na vn\u00fatorn\u00fdch stehn\u00e1ch.<\/p>\n<p class=\"warning\">R\u00fdchla pripomienka, nadr\u017ean\u00ed priatelia: v\u0161etky modelky 18+, v\u0161etko po dohode, nato\u010den\u00e9 profesion\u00e1lkami, ktor\u00e9 vedia, ako urobi\u0165 zdravotn\u00edcke vybavenie hrie\u0161nym. Nerobte tieto sra\u010dky u svojho lek\u00e1ra, pokia\u013e nechcete trval\u00fd z\u00e1kaz a tr\u00e1pne vysvet\u013eovania.<\/p>\n<p>Tak sa do toho pustite. Urobte si erekciu, zmoknite, vylezte \u2013 \u010doko\u013evek chcete. T\u00e1to gal\u00e9ria sa aktualizuje v\u017edy, ke\u010f n\u00e1jdeme \u010derstv\u00e9 \u0161tedr\u00e9 \u017eeny v pracovn\u00fdch uniform\u00e1ch, ktor\u00e9 sa chc\u00fa z\u00e1bavnou formou zahra\u0165 na doktora. Ob\u013e\u00faben\u00e9 polo\u017eky sa nena\u010d\u00edtavaj\u00fa dostato\u010dne r\u00fdchlo? M\u00f4\u017ee za to va\u0161a tras\u00faca sa ruka. U\u017eite si to a sna\u017ete sa pr\u00edli\u0161 neza\u0161pini\u0165 kl\u00e1vesnicu.<\/p>\n<p>Vid\u00ed\u0161 nie\u010do, \u010do sa ti p\u00e1\u010di? Ulo\u017e si to, zdie\u013eaj to s in\u00fdm deviantom (s\u00fakromne, samozrejme), alebo sa jednoducho vr\u00e1\u0165 zajtra \u2013 v\u017edy sa \u010doskoro za\u010dne \u010fal\u0161ia zmena.<\/p>","protected":false},"excerpt":{"rendered":"<p>Dobre, ty \u0161pinav\u00fd \u00fachyl\u00e1k \u2013 trafil si sa presne tam, kam si chcel. Vitaj v tom naj\u0161pinav\u0161om.<\/p>","protected":false},"author":1,"featured_media":0,"parent":0,"menu_order":0,"comment_status":"closed","ping_status":"closed","template":"","meta":{"footnotes":""},"class_list":["post-4202","page","type-page","status-publish","hentry"],"yoast_head":"<!-- This site is optimized with the Yoast SEO plugin v20.13 - https:\/\/yoast.com\/wordpress\/plugins\/seo\/ -->\n<title>Photos of Slutty Nurses and Doctors - eunosweb<\/title>\n<meta name=\"robots\" content=\"index, follow, max-snippet:-1, max-image-preview:large, max-video-preview:-1\" \/>\n<link rel=\"canonical\" href=\"https:\/\/eunosweb.org\/sk\/fotografie-lekari\/\" \/>\n<meta property=\"og:locale\" content=\"sk_SK\" \/>\n<meta property=\"og:type\" content=\"article\" \/>\n<meta property=\"og:title\" content=\"Photos of Slutty Nurses and Doctors - eunosweb\" \/>\n<meta property=\"og:description\" content=\"Alright, you filthy pervert\u2014you clicked exactly where you wanted to be. Welcome to the dirtiest\" \/>\n<meta property=\"og:url\" content=\"https:\/\/eunosweb.org\/sk\/fotografie-lekari\/\" \/>\n<meta property=\"og:site_name\" content=\"eunosweb\" \/>\n<meta property=\"article:modified_time\" content=\"2026-01-01T12:22:57+00:00\" \/>\n<meta property=\"og:image\" content=\"https:\/\/eunosweb.org\/wp-content\/uploads\/2026\/01\/53.jpg\" \/>\n<meta name=\"twitter:card\" content=\"summary_large_image\" \/>\n<meta name=\"twitter:label1\" content=\"Predpokladan\u00fd \u010das \u010d\u00edtania\" \/>\n\t<meta name=\"twitter:data1\" content=\"4 min\u00faty\" \/>\n<script type=\"application\/ld+json\" class=\"yoast-schema-graph\">{\"@context\":\"https:\/\/schema.org\",\"@graph\":[{\"@type\":\"WebPage\",\"@id\":\"https:\/\/eunosweb.org\/photos-doctors\/\",\"url\":\"https:\/\/eunosweb.org\/photos-doctors\/\",\"name\":\"Photos of Slutty Nurses and Doctors - eunosweb\",\"isPartOf\":{\"@id\":\"https:\/\/eunosweb.org\/#website\"},\"datePublished\":\"2026-01-01T12:13:34+00:00\",\"dateModified\":\"2026-01-01T12:22:57+00:00\",\"breadcrumb\":{\"@id\":\"https:\/\/eunosweb.org\/photos-doctors\/#breadcrumb\"},\"inLanguage\":\"sk-SK\",\"potentialAction\":[{\"@type\":\"ReadAction\",\"target\":[\"https:\/\/eunosweb.org\/photos-doctors\/\"]}]},{\"@type\":\"BreadcrumbList\",\"@id\":\"https:\/\/eunosweb.org\/photos-doctors\/#breadcrumb\",\"itemListElement\":[{\"@type\":\"ListItem\",\"position\":1,\"name\":\"\u0413\u043b\u0430\u0432\u043d\u0430\u044f \u0441\u0442\u0440\u0430\u043d\u0438\u0446\u0430\",\"item\":\"https:\/\/eunosweb.org\/\"},{\"@type\":\"ListItem\",\"position\":2,\"name\":\"Photos of Slutty Nurses and Doctors\"}]},{\"@type\":\"WebSite\",\"@id\":\"https:\/\/eunosweb.org\/#website\",\"url\":\"https:\/\/eunosweb.org\/\",\"name\":\"eunosweb\",\"description\":\"Ultimate Multilingual Catalog of Alluring Adventures: Top Escort Virtual Chats!\",\"publisher\":{\"@id\":\"https:\/\/eunosweb.org\/#organization\"},\"potentialAction\":[{\"@type\":\"SearchAction\",\"target\":{\"@type\":\"EntryPoint\",\"urlTemplate\":\"https:\/\/eunosweb.org\/?s={search_term_string}\"},\"query-input\":\"required name=search_term_string\"}],\"inLanguage\":\"sk-SK\"},{\"@type\":\"Organization\",\"@id\":\"https:\/\/eunosweb.org\/#organization\",\"name\":\"eunosweb\",\"url\":\"https:\/\/eunosweb.org\/\",\"logo\":{\"@type\":\"ImageObject\",\"inLanguage\":\"sk-SK\",\"@id\":\"https:\/\/eunosweb.org\/#\/schema\/logo\/image\/\",\"url\":\"https:\/\/eunosweb.org\/wp-content\/uploads\/2023\/08\/logo-1.png\",\"contentUrl\":\"https:\/\/eunosweb.org\/wp-content\/uploads\/2023\/08\/logo-1.png\",\"width\":220,\"height\":28,\"caption\":\"eunosweb\"},\"image\":{\"@id\":\"https:\/\/eunosweb.org\/#\/schema\/logo\/image\/\"}}]}<\/script>\n<!-- \/ Yoast SEO plugin. -->","yoast_head_json":{"title":"Photos of Slutty Nurses and Doctors - eunosweb","robots":{"index":"index","follow":"follow","max-snippet":"max-snippet:-1","max-image-preview":"max-image-preview:large","max-video-preview":"max-video-preview:-1"},"canonical":"https:\/\/eunosweb.org\/sk\/fotografie-lekari\/","og_locale":"sk_SK","og_type":"article","og_title":"Photos of Slutty Nurses and Doctors - eunosweb","og_description":"Alright, you filthy pervert\u2014you clicked exactly where you wanted to be. Welcome to the dirtiest","og_url":"https:\/\/eunosweb.org\/sk\/fotografie-lekari\/","og_site_name":"eunosweb","article_modified_time":"2026-01-01T12:22:57+00:00","og_image":[{"url":"https:\/\/eunosweb.org\/wp-content\/uploads\/2026\/01\/53.jpg"}],"twitter_card":"summary_large_image","twitter_misc":{"Predpokladan\u00fd \u010das \u010d\u00edtania":"4 min\u00faty"},"schema":{"@context":"https:\/\/schema.org","@graph":[{"@type":"WebPage","@id":"https:\/\/eunosweb.org\/photos-doctors\/","url":"https:\/\/eunosweb.org\/photos-doctors\/","name":"Photos of Slutty Nurses and Doctors - eunosweb","isPartOf":{"@id":"https:\/\/eunosweb.org\/#website"},"datePublished":"2026-01-01T12:13:34+00:00","dateModified":"2026-01-01T12:22:57+00:00","breadcrumb":{"@id":"https:\/\/eunosweb.org\/photos-doctors\/#breadcrumb"},"inLanguage":"sk-SK","potentialAction":[{"@type":"ReadAction","target":["https:\/\/eunosweb.org\/photos-doctors\/"]}]},{"@type":"BreadcrumbList","@id":"https:\/\/eunosweb.org\/photos-doctors\/#breadcrumb","itemListElement":[{"@type":"ListItem","position":1,"name":"\u0413\u043b\u0430\u0432\u043d\u0430\u044f \u0441\u0442\u0440\u0430\u043d\u0438\u0446\u0430","item":"https:\/\/eunosweb.org\/"},{"@type":"ListItem","position":2,"name":"Photos of Slutty Nurses and Doctors"}]},{"@type":"WebSite","@id":"https:\/\/eunosweb.org\/#website","url":"https:\/\/eunosweb.org\/","name":"eunosweb","description":"Ultimate Multilingual Catalog of Alluring Adventures: Top Escort Virtual Chats!","publisher":{"@id":"https:\/\/eunosweb.org\/#organization"},"potentialAction":[{"@type":"SearchAction","target":{"@type":"EntryPoint","urlTemplate":"https:\/\/eunosweb.org\/?s={search_term_string}"},"query-input":"required name=search_term_string"}],"inLanguage":"sk-SK"},{"@type":"Organization","@id":"https:\/\/eunosweb.org\/#organization","name":"eunosweb","url":"https:\/\/eunosweb.org\/","logo":{"@type":"ImageObject","inLanguage":"sk-SK","@id":"https:\/\/eunosweb.org\/#\/schema\/logo\/image\/","url":"https:\/\/eunosweb.org\/wp-content\/uploads\/2023\/08\/logo-1.png","contentUrl":"https:\/\/eunosweb.org\/wp-content\/uploads\/2023\/08\/logo-1.png","width":220,"height":28,"caption":"eunosweb"},"image":{"@id":"https:\/\/eunosweb.org\/#\/schema\/logo\/image\/"}}]}},"_links":{"self":[{"href":"https:\/\/eunosweb.org\/sk\/wp-json\/wp\/v2\/pages\/4202","targetHints":{"allow":["GET"]}}],"collection":[{"href":"https:\/\/eunosweb.org\/sk\/wp-json\/wp\/v2\/pages"}],"about":[{"href":"https:\/\/eunosweb.org\/sk\/wp-json\/wp\/v2\/types\/page"}],"author":[{"embeddable":true,"href":"https:\/\/eunosweb.org\/sk\/wp-json\/wp\/v2\/users\/1"}],"replies":[{"embeddable":true,"href":"https:\/\/eunosweb.org\/sk\/wp-json\/wp\/v2\/comments?post=4202"}],"version-history":[{"count":3,"href":"https:\/\/eunosweb.org\/sk\/wp-json\/wp\/v2\/pages\/4202\/revisions"}],"predecessor-version":[{"id":4226,"href":"https:\/\/eunosweb.org\/sk\/wp-json\/wp\/v2\/pages\/4202\/revisions\/4226"}],"wp:attachment":[{"href":"https:\/\/eunosweb.org\/sk\/wp-json\/wp\/v2\/media?parent=4202"}],"curies":[{"name":"wp","href":"https:\/\/api.w.org\/{rel}","templated":true}]}}