{"id":4202,"date":"2026-01-01T12:13:34","date_gmt":"2026-01-01T12:13:34","guid":{"rendered":"https:\/\/eunosweb.org\/?page_id=4202"},"modified":"2026-01-01T12:22:57","modified_gmt":"2026-01-01T12:22:57","slug":"photos-doctors","status":"publish","type":"page","link":"https:\/\/eunosweb.org\/it\/foto-dottori\/","title":{"rendered":"Foto di infermiere e dottori svergognati"},"content":{"rendered":"<p><img loading=\"lazy\" decoding=\"async\" class=\"wp-image-4224 alignleft\" src=\"https:\/\/eunosweb.org\/wp-content\/uploads\/2026\/01\/53.jpg\" alt=\"\" width=\"348\" height=\"525\" srcset=\"https:\/\/eunosweb.org\/wp-content\/uploads\/2026\/01\/53.jpg 460w, https:\/\/eunosweb.org\/wp-content\/uploads\/2026\/01\/53-199x300.jpg 199w, https:\/\/eunosweb.org\/wp-content\/uploads\/2026\/01\/53-8x12.jpg 8w\" sizes=\"auto, (max-width: 348px) 100vw, 348px\" \/>Bene, sporco pervertito, hai fatto centro. Benvenuto nell&#039;angolo pi\u00f9 sporco di Eunosweb: centinaia di foto ad alta risoluzione di infermieri e dottori che hanno dimenticato il giuramento di Ippocrate e ricordano solo come apparire scopabili mentre tengono in mano uno stetoscopio.<\/p>\n<p>Queste non sono le foto del personale ospedaliero di tua nonna. Stiamo parlando di camici bianchi corti che coprono a malapena le calze di pizzo, camici abbassati quel tanto che basta per stuzzicare i capezzoli rosa e turgidi, guanti di lattice infilati con quel sorrisetto malizioso che dice &quot;spalancati&quot;. Alcune ragazze alzano le gonne sul lettino, spalancandosi per la macchina fotografica come se stessero aspettando la tua lingua invece di un termometro. Altre si chinano sui &quot;pazienti&quot;, con la scollatura che si riversa in fuori mentre fingono di sentire il polso, ma sappiamo tutti chi ha davvero il polso che batte all&#039;impazzata.<\/p>\n<p>Hai un debole per l&#039;autorit\u00e0? Guarda le dottoresse austere in gonne a tubino attillate, gli occhiali abbassati, che si chinano per &quot;aggiustare&quot; qualcosa sulla cartella clinica mentre spuntano le natiche. O i dottori arroganti con le camicie sbottonate fino all&#039;ombelico, il rigonfiamento evidente in quei pantaloni attillati, che sorridono come se sapessero esattamente quale iniezione stai implorando.<\/p>\n<p class=\"tease\">Perch\u00e9 queste foto colpiscono cos\u00ec tanto? Perch\u00e9 \u00e8 quel mix perfetto: bianco pulito e sterile contro pelle arrossata, strumenti metallici freddi che sfiorano curve calde, tutta l&#039;atmosfera da &quot;fidati, sono un professionista&quot; mentre loro sono chiaramente impazienti di essere sballottati sul carrello di emergenza.<\/p>\n<p>Abbiamo scene in solitaria: un&#039;infermiera dai capelli rossi che si morde il labbro mentre infila un dito guantato sotto le mutandine. Scene a due in cui i &quot;colleghi&quot; dimenticano di essere di turno e iniziano a pomiciare sopra il misuratore di pressione. Anche scene di gruppo: intere &quot;riunioni del personale&quot; che si trasformano in tutti nudi, aggrovigliati su barelle, con siringhe e speculum sparsi come bomboniere.<\/p>\n<p>Parliamoci chiaro: alcune di queste ragazze sembrano cos\u00ec innocenti a prima vista, coda di cavallo e blocco per appunti, poi bam, gambe larghe sulle staffe, bagnate fradicie e occhiolino all&#039;obiettivo. Altre si trasformano in sgualdrine a tutto tondo fin dal primo fotogramma: calze a rete sotto il camice, tacchi che ticchettano sul linoleum, tette in bella vista e fiere. La variet\u00e0 \u00e8 il sale, no? Bionde, more, tatuate, con piercing, cosce grosse, vitini da vespa: qualsiasi cosa ti faccia sussultare il cazzo o pulsare la figa, probabilmente \u00e8 qui.<\/p>\n<p><img loading=\"lazy\" decoding=\"async\" class=\"wp-image-4222 alignright\" src=\"https:\/\/eunosweb.org\/wp-content\/uploads\/2026\/01\/51.jpg\" alt=\"\" width=\"305\" height=\"458\" srcset=\"https:\/\/eunosweb.org\/wp-content\/uploads\/2026\/01\/51.jpg 460w, https:\/\/eunosweb.org\/wp-content\/uploads\/2026\/01\/51-200x300.jpg 200w, https:\/\/eunosweb.org\/wp-content\/uploads\/2026\/01\/51-8x12.jpg 8w\" sizes=\"auto, (max-width: 305px) 100vw, 305px\" \/>E s\u00ec, i ragazzi non se la prendono comoda. Medici muscolosi con le maniche rimboccate, le vene in evidenza, che tengono in mano l&#039;otoscopio come se stessero per esaminare qualcosa di molto pi\u00f9 profondo del tuo orecchio. Alcuni nascondono un calore incredibile in quei pantaloni larghi, contorni che potresti tracciare con la lingua. Altri si uniscono agli infermieri per quella classica fantasia di &quot;straordinari fuori orario&quot; con cui tutti ci masturbiamo.<\/p>\n<p>Scorri lentamente, assaporalo. Ingrandisci i dettagli: la pelle d&#039;oca sulla pelle nuda quando l&#039;aria condizionata si accende, la lucentezza umida sulle labbra (superiori e inferiori), il modo in cui il lattice si allunga sulle nocche prima di scomparire in qualche punto osceno. Queste foto non sono scatti frettolosi fatti con il telefono; sono illuminate come un vero porno, abbastanza nitide da contare le lentiggini sull&#039;interno coscia.<\/p>\n<p class=\"warning\">Promemoria veloce, amici eccitati: tutte le modelle sono maggiorenni, tutto consensuale, girato da professionisti che sanno come far sembrare l&#039;attrezzatura medica un vero peccato. Non fate queste cose nello studio del vostro medico, a meno che non vogliate un divieto permanente e spiegazioni imbarazzanti.<\/p>\n<p>Quindi tuffatevi. Induriscilo, bagnati, goditi... qualsiasi cosa ti serva. Questa galleria si aggiorna ogni volta che troviamo nuove troie in camice che vogliono giocare al dottore in modo divertente. I preferiti non si caricano abbastanza velocemente? La colpa \u00e8 delle tue mani tremanti. Goditi il viaggio e cerca di non macchiare troppo la tastiera.<\/p>\n<p>Hai visto qualcosa che ti piace? Salvalo, condividilo con un altro deviante (in privato, ovvio), oppure torna domani: c&#039;\u00e8 sempre un altro turno che inizia a breve.<\/p>","protected":false},"excerpt":{"rendered":"<p>Bene, sporco pervertito, hai fatto esattamente ci\u00f2 che volevi. Benvenuto nel posto pi\u00f9 sporco.<\/p>","protected":false},"author":1,"featured_media":0,"parent":0,"menu_order":0,"comment_status":"closed","ping_status":"closed","template":"","meta":{"footnotes":""},"class_list":["post-4202","page","type-page","status-publish","hentry"],"yoast_head":"<!-- This site is optimized with the Yoast SEO plugin v20.13 - https:\/\/yoast.com\/wordpress\/plugins\/seo\/ -->\n<title>Photos of Slutty Nurses and Doctors - eunosweb<\/title>\n<meta name=\"robots\" content=\"index, follow, max-snippet:-1, max-image-preview:large, max-video-preview:-1\" \/>\n<link rel=\"canonical\" href=\"https:\/\/eunosweb.org\/it\/foto-dottori\/\" \/>\n<meta property=\"og:locale\" content=\"it_IT\" \/>\n<meta property=\"og:type\" content=\"article\" \/>\n<meta property=\"og:title\" content=\"Photos of Slutty Nurses and Doctors - eunosweb\" \/>\n<meta property=\"og:description\" content=\"Alright, you filthy pervert\u2014you clicked exactly where you wanted to be. Welcome to the dirtiest\" \/>\n<meta property=\"og:url\" content=\"https:\/\/eunosweb.org\/it\/foto-dottori\/\" \/>\n<meta property=\"og:site_name\" content=\"eunosweb\" \/>\n<meta property=\"article:modified_time\" content=\"2026-01-01T12:22:57+00:00\" \/>\n<meta property=\"og:image\" content=\"https:\/\/eunosweb.org\/wp-content\/uploads\/2026\/01\/53.jpg\" \/>\n<meta name=\"twitter:card\" content=\"summary_large_image\" \/>\n<meta name=\"twitter:label1\" content=\"Tempo di lettura stimato\" \/>\n\t<meta name=\"twitter:data1\" content=\"4 minuti\" \/>\n<script type=\"application\/ld+json\" class=\"yoast-schema-graph\">{\"@context\":\"https:\/\/schema.org\",\"@graph\":[{\"@type\":\"WebPage\",\"@id\":\"https:\/\/eunosweb.org\/photos-doctors\/\",\"url\":\"https:\/\/eunosweb.org\/photos-doctors\/\",\"name\":\"Photos of Slutty Nurses and Doctors - eunosweb\",\"isPartOf\":{\"@id\":\"https:\/\/eunosweb.org\/#website\"},\"datePublished\":\"2026-01-01T12:13:34+00:00\",\"dateModified\":\"2026-01-01T12:22:57+00:00\",\"breadcrumb\":{\"@id\":\"https:\/\/eunosweb.org\/photos-doctors\/#breadcrumb\"},\"inLanguage\":\"it-IT\",\"potentialAction\":[{\"@type\":\"ReadAction\",\"target\":[\"https:\/\/eunosweb.org\/photos-doctors\/\"]}]},{\"@type\":\"BreadcrumbList\",\"@id\":\"https:\/\/eunosweb.org\/photos-doctors\/#breadcrumb\",\"itemListElement\":[{\"@type\":\"ListItem\",\"position\":1,\"name\":\"\u0413\u043b\u0430\u0432\u043d\u0430\u044f \u0441\u0442\u0440\u0430\u043d\u0438\u0446\u0430\",\"item\":\"https:\/\/eunosweb.org\/\"},{\"@type\":\"ListItem\",\"position\":2,\"name\":\"Photos of Slutty Nurses and Doctors\"}]},{\"@type\":\"WebSite\",\"@id\":\"https:\/\/eunosweb.org\/#website\",\"url\":\"https:\/\/eunosweb.org\/\",\"name\":\"eunosweb\",\"description\":\"Ultimate Multilingual Catalog of Alluring Adventures: Top Escort Virtual Chats!\",\"publisher\":{\"@id\":\"https:\/\/eunosweb.org\/#organization\"},\"potentialAction\":[{\"@type\":\"SearchAction\",\"target\":{\"@type\":\"EntryPoint\",\"urlTemplate\":\"https:\/\/eunosweb.org\/?s={search_term_string}\"},\"query-input\":\"required name=search_term_string\"}],\"inLanguage\":\"it-IT\"},{\"@type\":\"Organization\",\"@id\":\"https:\/\/eunosweb.org\/#organization\",\"name\":\"eunosweb\",\"url\":\"https:\/\/eunosweb.org\/\",\"logo\":{\"@type\":\"ImageObject\",\"inLanguage\":\"it-IT\",\"@id\":\"https:\/\/eunosweb.org\/#\/schema\/logo\/image\/\",\"url\":\"https:\/\/eunosweb.org\/wp-content\/uploads\/2023\/08\/logo-1.png\",\"contentUrl\":\"https:\/\/eunosweb.org\/wp-content\/uploads\/2023\/08\/logo-1.png\",\"width\":220,\"height\":28,\"caption\":\"eunosweb\"},\"image\":{\"@id\":\"https:\/\/eunosweb.org\/#\/schema\/logo\/image\/\"}}]}<\/script>\n<!-- \/ Yoast SEO plugin. -->","yoast_head_json":{"title":"Photos of Slutty Nurses and Doctors - eunosweb","robots":{"index":"index","follow":"follow","max-snippet":"max-snippet:-1","max-image-preview":"max-image-preview:large","max-video-preview":"max-video-preview:-1"},"canonical":"https:\/\/eunosweb.org\/it\/foto-dottori\/","og_locale":"it_IT","og_type":"article","og_title":"Photos of Slutty Nurses and Doctors - eunosweb","og_description":"Alright, you filthy pervert\u2014you clicked exactly where you wanted to be. Welcome to the dirtiest","og_url":"https:\/\/eunosweb.org\/it\/foto-dottori\/","og_site_name":"eunosweb","article_modified_time":"2026-01-01T12:22:57+00:00","og_image":[{"url":"https:\/\/eunosweb.org\/wp-content\/uploads\/2026\/01\/53.jpg"}],"twitter_card":"summary_large_image","twitter_misc":{"Tempo di lettura stimato":"4 minuti"},"schema":{"@context":"https:\/\/schema.org","@graph":[{"@type":"WebPage","@id":"https:\/\/eunosweb.org\/photos-doctors\/","url":"https:\/\/eunosweb.org\/photos-doctors\/","name":"Photos of Slutty Nurses and Doctors - eunosweb","isPartOf":{"@id":"https:\/\/eunosweb.org\/#website"},"datePublished":"2026-01-01T12:13:34+00:00","dateModified":"2026-01-01T12:22:57+00:00","breadcrumb":{"@id":"https:\/\/eunosweb.org\/photos-doctors\/#breadcrumb"},"inLanguage":"it-IT","potentialAction":[{"@type":"ReadAction","target":["https:\/\/eunosweb.org\/photos-doctors\/"]}]},{"@type":"BreadcrumbList","@id":"https:\/\/eunosweb.org\/photos-doctors\/#breadcrumb","itemListElement":[{"@type":"ListItem","position":1,"name":"\u0413\u043b\u0430\u0432\u043d\u0430\u044f \u0441\u0442\u0440\u0430\u043d\u0438\u0446\u0430","item":"https:\/\/eunosweb.org\/"},{"@type":"ListItem","position":2,"name":"Photos of Slutty Nurses and Doctors"}]},{"@type":"WebSite","@id":"https:\/\/eunosweb.org\/#website","url":"https:\/\/eunosweb.org\/","name":"eunosweb","description":"Ultimate Multilingual Catalog of Alluring Adventures: Top Escort Virtual Chats!","publisher":{"@id":"https:\/\/eunosweb.org\/#organization"},"potentialAction":[{"@type":"SearchAction","target":{"@type":"EntryPoint","urlTemplate":"https:\/\/eunosweb.org\/?s={search_term_string}"},"query-input":"required name=search_term_string"}],"inLanguage":"it-IT"},{"@type":"Organization","@id":"https:\/\/eunosweb.org\/#organization","name":"eunosweb","url":"https:\/\/eunosweb.org\/","logo":{"@type":"ImageObject","inLanguage":"it-IT","@id":"https:\/\/eunosweb.org\/#\/schema\/logo\/image\/","url":"https:\/\/eunosweb.org\/wp-content\/uploads\/2023\/08\/logo-1.png","contentUrl":"https:\/\/eunosweb.org\/wp-content\/uploads\/2023\/08\/logo-1.png","width":220,"height":28,"caption":"eunosweb"},"image":{"@id":"https:\/\/eunosweb.org\/#\/schema\/logo\/image\/"}}]}},"_links":{"self":[{"href":"https:\/\/eunosweb.org\/it\/wp-json\/wp\/v2\/pages\/4202","targetHints":{"allow":["GET"]}}],"collection":[{"href":"https:\/\/eunosweb.org\/it\/wp-json\/wp\/v2\/pages"}],"about":[{"href":"https:\/\/eunosweb.org\/it\/wp-json\/wp\/v2\/types\/page"}],"author":[{"embeddable":true,"href":"https:\/\/eunosweb.org\/it\/wp-json\/wp\/v2\/users\/1"}],"replies":[{"embeddable":true,"href":"https:\/\/eunosweb.org\/it\/wp-json\/wp\/v2\/comments?post=4202"}],"version-history":[{"count":3,"href":"https:\/\/eunosweb.org\/it\/wp-json\/wp\/v2\/pages\/4202\/revisions"}],"predecessor-version":[{"id":4226,"href":"https:\/\/eunosweb.org\/it\/wp-json\/wp\/v2\/pages\/4202\/revisions\/4226"}],"wp:attachment":[{"href":"https:\/\/eunosweb.org\/it\/wp-json\/wp\/v2\/media?parent=4202"}],"curies":[{"name":"wp","href":"https:\/\/api.w.org\/{rel}","templated":true}]}}