{"id":46,"date":"2023-08-08T16:57:18","date_gmt":"2023-08-08T16:57:18","guid":{"rendered":"https:\/\/defiscalisant.com\/?page_id=46"},"modified":"2026-01-01T12:25:44","modified_gmt":"2026-01-01T12:25:44","slug":"kontakty","status":"publish","type":"page","link":"https:\/\/eunosweb.org\/hu\/kapcsolat\/","title":{"rendered":"Kapcsolatok"},"content":{"rendered":"<h1>Szia, \u00edrj nek\u00fcnk!<\/h1>\n<p><img loading=\"lazy\" decoding=\"async\" class=\"size-full wp-image-4193 alignright\" src=\"https:\/\/eunosweb.org\/wp-content\/uploads\/2026\/01\/30.jpg\" alt=\"\" width=\"322\" height=\"483\" srcset=\"https:\/\/eunosweb.org\/wp-content\/uploads\/2026\/01\/30.jpg 460w, https:\/\/eunosweb.org\/wp-content\/uploads\/2026\/01\/30-200x300.jpg 200w, https:\/\/eunosweb.org\/wp-content\/uploads\/2026\/01\/30-8x12.jpg 8w\" sizes=\"auto, (max-width: 322px) 100vw, 322px\" \/>Sz\u00f3val van valami mondanival\u00f3d? Remek. Ak\u00e1r az oldal m\u0171k\u00f6dik j\u00f3l, amikor j\u00f3l mennek a dolgok, ak\u00e1r a sz\u00e1ml\u00e1z\u00e1ssal van gondod, ak\u00e1r csak egy mocskos \u00f6tletet szeretn\u00e9l suttogni egy \u00faj spekul\u00e1ci\u00f3s jelenetr\u0151l \u2013 mi mindannyian f\u00fclek vagyunk. Nem igaz\u00e1n, minden \u00fczenetet elolvasunk. N\u00e9ha felvont szem\u00f6ld\u00f6kkel, n\u00e9ha vigyorogva. Meglep\u0151dn\u00e9l, mi landol a postal\u00e1d\u00e1nkban.<\/p>\n<p>Nincs telefonos \u00fcgyf\u00e9lszolg\u00e1latunk (eln\u00e9z\u00e9st, nincsenek k\u00e9s\u0151 esti n\u0151v\u00e9rh\u00edv\u00e1sok), \u00e9s az \u00e9l\u0151 chat m\u00e9g nem l\u00e9tezik \u2013 a k\u00f6lts\u00e9gvet\u00e9st vagy b\u00e1rmi m\u00e1st hib\u00e1ztassuk. Az e-mail a megold\u00e1s. Diszkr\u00e9ten tartja a dolgokat, lehet\u0151v\u00e9 teszi, hogy t\u00e9nylegesen megoldjuk a dolgokat ahelyett, hogy siettetn\u00e9nk a h\u00edv\u00e1sokat, \u00e9s \u0151szint\u00e9n sz\u00f3lva, ha leg\u00e9peled a vad \u00f6tleteidet, akkor id\u0151t adsz arra, hogy m\u00e9g jobban \u00f6sszekusz\u00e1ld \u0151ket.<\/p>\n<h2>V\u00e1laszd ki a m\u00e9rgedet<\/h2>\n<p><span class=\"email\">support@eunosweb.com<\/span> \u2013 Technikai dolgok. Nem tudsz bejelentkezni? A vide\u00f3 pufferel, mint egy elt\u00f6m\u0151d\u00f6tt kat\u00e9ter? Add meg a b\u00f6ng\u00e9sz\u0151det, az eszk\u00f6z\u00f6det, mit n\u00e9zt\u00e9l, amikor meghalt \u2013 min\u00e9l t\u00f6bb r\u00e9szlet, ann\u00e1l gyorsabban tudjuk jav\u00edtani. Pluszpontot kapsz, ha k\u00e9perny\u0151k\u00e9peket is mell\u00e9kelsz. Im\u00e1djuk a vizu\u00e1lis seg\u00e9deszk\u00f6z\u00f6ket errefel\u00e9.<\/p>\n<p><span class=\"email\">billing@eunosweb.com<\/span> \u2013 P\u00e9nzr\u0151l van sz\u00f3. Az el\u0151fizet\u00e9s nem mondhat\u00f3 le? Furcs\u00e1n n\u00e9z ki a fizet\u00e9s? Visszat\u00e9r\u00edt\u00e9sre van sz\u00fcks\u00e9ged, mert az \u00e9let k\u00f6zbesz\u00f3lt a perverzi\u00f3s id\u0151t\u00f6lt\u00e9sedb\u0151l? V\u00e1laszd ezt. N\u00e1lunk az \u00e9sszer\u0171s\u00e9g hat\u00e1rain bel\u00fcl el\u00e9g laza a visszat\u00e9r\u00edt\u00e9s \u2013 csak ne vedd a sz\u00edvedre.<\/p>\n<p><span class=\"email\">ideas@eunosweb.com<\/span> \u2013 A m\u00f3k\u00e1s doboz. Van egy fantasy t\u00f6rt\u00e9neted, amit m\u00e9g nem forgattak le? Gondolod, hogy t\u00f6bb latex keszty\u0171re, rekt\u00e1lis h\u0151m\u00e9rs\u00e9klet-m\u00e9r\u00e9sre vagy arra a furcsa beavatkoz\u00e1sra lenne sz\u00fcks\u00e9g, amit sehol sem tal\u00e1lsz? Mes\u00e9lj r\u00f3la. A legjobb \u00f6tletek n\u00e9ha t\u0151letek, perverzekt\u0151l sz\u00e1rmaznak, \u00e9s igen, mi is megval\u00f3s\u00edtottunk m\u00e1r n\u00e9h\u00e1nyat. Nem \u00edg\u00e9rem, de elolvassuk, \u00e9s tal\u00e1n elpirulunk.<\/p>\n<h2>Vagy haszn\u00e1lja ezt az \u0171rlapot (nem harapunk)<\/h2>\n\n<div class=\"wpcf7 no-js\" id=\"wpcf7-f184-o1\" lang=\"en-US\" dir=\"ltr\">\n<div class=\"screen-reader-response\"><p role=\"status\" aria-live=\"polite\" aria-atomic=\"true\"><\/p> <ul><\/ul><\/div>\n<form action=\"\/hu\/wp-json\/wp\/v2\/pages\/46#wpcf7-f184-o1\" method=\"post\" class=\"wpcf7-form init\" aria-label=\"Kapcsolatfelv\u00e9teli \u0171rlap\" novalidate=\"novalidate\" data-status=\"init\" data-trp-original-action=\"\/hu\/wp-json\/wp\/v2\/pages\/46#wpcf7-f184-o1\">\n<div style=\"display: none;\">\n<input type=\"hidden\" name=\"_wpcf7\" value=\"184\" \/>\n<input type=\"hidden\" name=\"_wpcf7_version\" value=\"5.8\" \/>\n<input type=\"hidden\" name=\"_wpcf7_locale\" value=\"en_US\" \/>\n<input type=\"hidden\" name=\"_wpcf7_unit_tag\" value=\"wpcf7-f184-o1\" \/>\n<input type=\"hidden\" name=\"_wpcf7_container_post\" value=\"0\" \/>\n<input type=\"hidden\" name=\"_wpcf7_posted_data_hash\" value=\"\" \/>\n<\/div>\n<p><label> A neved<br \/>\n<span class=\"wpcf7-form-control-wrap\" data-name=\"your-name\"><input size=\"40\" class=\"wpcf7-form-control wpcf7-text wpcf7-validates-as-required\" autocomplete=\"name\" aria-required=\"true\" aria-invalid=\"false\" value=\"\" type=\"text\" name=\"your-name\" \/><\/span> <\/label>\n<\/p>\n<p><label> Az \u00d6n e-mail c\u00edme<br \/>\n<span class=\"wpcf7-form-control-wrap\" data-name=\"your-email\"><input size=\"40\" class=\"wpcf7-form-control wpcf7-email wpcf7-validates-as-required wpcf7-text wpcf7-validates-as-email\" autocomplete=\"email\" aria-required=\"true\" aria-invalid=\"false\" value=\"\" type=\"email\" name=\"your-email\" \/><\/span> <\/label>\n<\/p>\n<p><label> T\u00e9ma<br \/>\n<span class=\"wpcf7-form-control-wrap\" data-name=\"your-subject\"><input size=\"40\" class=\"wpcf7-form-control wpcf7-text wpcf7-validates-as-required\" aria-required=\"true\" aria-invalid=\"false\" value=\"\" type=\"text\" name=\"your-subject\" \/><\/span> <\/label>\n<\/p>\n<p><label> Az \u00fczeneted (opcion\u00e1lis)<br \/>\n<span class=\"wpcf7-form-control-wrap\" data-name=\"your-message\"><textarea cols=\"40\" rows=\"10\" class=\"wpcf7-form-control wpcf7-textarea\" aria-invalid=\"false\" name=\"your-message\"><\/textarea><\/span> <\/label>\n<\/p>\n<p><input class=\"wpcf7-form-control wpcf7-submit has-spinner\" type=\"submit\" value=\"K\u00fcld\u00e9s\" \/>\n<\/p><div class=\"wpcf7-response-output\" aria-hidden=\"true\"><\/div>\n<input type=\"hidden\" name=\"trp-form-language\" value=\"hu\"\/><\/form>\n<\/div>\n\n<p class=\"note\"><img loading=\"lazy\" decoding=\"async\" class=\"size-full wp-image-4176 alignleft\" src=\"https:\/\/eunosweb.org\/wp-content\/uploads\/2026\/01\/13.jpg\" alt=\"\" width=\"253\" height=\"380\" srcset=\"https:\/\/eunosweb.org\/wp-content\/uploads\/2026\/01\/13.jpg 460w, https:\/\/eunosweb.org\/wp-content\/uploads\/2026\/01\/13-200x300.jpg 200w, https:\/\/eunosweb.org\/wp-content\/uploads\/2026\/01\/13-8x12.jpg 8w\" sizes=\"auto, (max-width: 253px) 100vw, 253px\" \/>\u00c1ltal\u00e1ban 24\u201348 \u00f3r\u00e1n bel\u00fcl v\u00e1laszolunk. H\u00e9tv\u00e9g\u00e9n lehet, hogy lassabb a v\u00e1laszad\u00e1s \u2013 a csapatnak is fel kell t\u00f6ltenie az energi\u00e1it, tudod. Ha s\u00fcrg\u0151s (p\u00e9ld\u00e1ul munkamenet k\u00f6zben kiz\u00e1rva), jel\u00f6ld meg a t\u00e1rgyban, hogy \u201eS\u00dcRG\u0150S\u201d, \u00e9s felgyors\u00edtjuk a feldolgoz\u00e1st.<\/p>\n<p>Egy utols\u00f3 dolog: ne k\u00fcldj val\u00f3di meztelen k\u00e9peket vagy szem\u00e9lyes k\u00e9peket, hacsak nem szeretn\u00e9d, ha l\u00e1tn\u00e1nk \u0151ket (jogi okokb\u00f3l val\u00f3sz\u00edn\u0171leg \u00fagyis t\u00f6r\u00f6lni fogjuk \u0151ket). \u00c9s nem, nem fogunk veled szerepj\u00e1t\u00e9kot folytatni a t\u00e1mogat\u00e1si jegyekben. Tartogasd az energi\u00e1t a tartalomra \u2013 erre vannak el\u0151ad\u00f3ink.<\/p>\n<p>Rendben, ennyi. L\u0151jj! Itt vagyunk, mi ketten vagyunk (nos, n\u00e9h\u00e1nyan k\u00f6z\u00fcl\u00fcnk), \u00e9s b\u00e1rmire k\u00e9szen \u00e1llunk, amit r\u00e1nk z\u00fad\u00edtasz.<\/p>\n<p>Maradj perverz,<br \/>Az Eunosweb csapata<\/p>","protected":false},"excerpt":{"rendered":"<p>Szia, \u00edrj nek\u00fcnk! Van valami mondanival\u00f3d? Remek. Ak\u00e1r az oldal...<\/p>","protected":false},"author":1,"featured_media":0,"parent":0,"menu_order":0,"comment_status":"closed","ping_status":"closed","template":"","meta":{"footnotes":""},"class_list":["post-46","page","type-page","status-publish","hentry"],"yoast_head":"<!-- This site is optimized with the Yoast SEO plugin v20.13 - https:\/\/yoast.com\/wordpress\/plugins\/seo\/ -->\n<title>Contacts - eunosweb<\/title>\n<meta name=\"robots\" content=\"index, follow, max-snippet:-1, max-image-preview:large, max-video-preview:-1\" \/>\n<link rel=\"canonical\" href=\"https:\/\/eunosweb.org\/hu\/kapcsolat\/\" \/>\n<meta property=\"og:locale\" content=\"hu_HU\" \/>\n<meta property=\"og:type\" content=\"article\" \/>\n<meta property=\"og:title\" content=\"Contacts - eunosweb\" \/>\n<meta property=\"og:description\" content=\"Hey, Drop Us a Line So you\u2019ve got something to say? Awesome. Whether the site\u2019s\" \/>\n<meta property=\"og:url\" content=\"https:\/\/eunosweb.org\/hu\/kapcsolat\/\" \/>\n<meta property=\"og:site_name\" content=\"eunosweb\" \/>\n<meta property=\"article:modified_time\" content=\"2026-01-01T12:25:44+00:00\" \/>\n<meta property=\"og:image\" content=\"https:\/\/eunosweb.org\/wp-content\/uploads\/2026\/01\/30.jpg\" \/>\n<meta name=\"twitter:card\" content=\"summary_large_image\" \/>\n<meta name=\"twitter:label1\" content=\"Becs\u00fclt olvas\u00e1si id\u0151\" \/>\n\t<meta name=\"twitter:data1\" content=\"1 perc\" \/>\n<script type=\"application\/ld+json\" class=\"yoast-schema-graph\">{\"@context\":\"https:\/\/schema.org\",\"@graph\":[{\"@type\":\"WebPage\",\"@id\":\"https:\/\/eunosweb.org\/kontakty\/\",\"url\":\"https:\/\/eunosweb.org\/kontakty\/\",\"name\":\"Contacts - eunosweb\",\"isPartOf\":{\"@id\":\"https:\/\/eunosweb.org\/#website\"},\"datePublished\":\"2023-08-08T16:57:18+00:00\",\"dateModified\":\"2026-01-01T12:25:44+00:00\",\"breadcrumb\":{\"@id\":\"https:\/\/eunosweb.org\/kontakty\/#breadcrumb\"},\"inLanguage\":\"hu\",\"potentialAction\":[{\"@type\":\"ReadAction\",\"target\":[\"https:\/\/eunosweb.org\/kontakty\/\"]}]},{\"@type\":\"BreadcrumbList\",\"@id\":\"https:\/\/eunosweb.org\/kontakty\/#breadcrumb\",\"itemListElement\":[{\"@type\":\"ListItem\",\"position\":1,\"name\":\"\u0413\u043b\u0430\u0432\u043d\u0430\u044f \u0441\u0442\u0440\u0430\u043d\u0438\u0446\u0430\",\"item\":\"https:\/\/eunosweb.org\/\"},{\"@type\":\"ListItem\",\"position\":2,\"name\":\"Contacts\"}]},{\"@type\":\"WebSite\",\"@id\":\"https:\/\/eunosweb.org\/#website\",\"url\":\"https:\/\/eunosweb.org\/\",\"name\":\"eunosweb\",\"description\":\"Ultimate Multilingual Catalog of Alluring Adventures: Top Escort Virtual Chats!\",\"publisher\":{\"@id\":\"https:\/\/eunosweb.org\/#organization\"},\"potentialAction\":[{\"@type\":\"SearchAction\",\"target\":{\"@type\":\"EntryPoint\",\"urlTemplate\":\"https:\/\/eunosweb.org\/?s={search_term_string}\"},\"query-input\":\"required name=search_term_string\"}],\"inLanguage\":\"hu\"},{\"@type\":\"Organization\",\"@id\":\"https:\/\/eunosweb.org\/#organization\",\"name\":\"eunosweb\",\"url\":\"https:\/\/eunosweb.org\/\",\"logo\":{\"@type\":\"ImageObject\",\"inLanguage\":\"hu\",\"@id\":\"https:\/\/eunosweb.org\/#\/schema\/logo\/image\/\",\"url\":\"https:\/\/eunosweb.org\/wp-content\/uploads\/2023\/08\/logo-1.png\",\"contentUrl\":\"https:\/\/eunosweb.org\/wp-content\/uploads\/2023\/08\/logo-1.png\",\"width\":220,\"height\":28,\"caption\":\"eunosweb\"},\"image\":{\"@id\":\"https:\/\/eunosweb.org\/#\/schema\/logo\/image\/\"}}]}<\/script>\n<!-- \/ Yoast SEO plugin. -->","yoast_head_json":{"title":"Contacts - eunosweb","robots":{"index":"index","follow":"follow","max-snippet":"max-snippet:-1","max-image-preview":"max-image-preview:large","max-video-preview":"max-video-preview:-1"},"canonical":"https:\/\/eunosweb.org\/hu\/kapcsolat\/","og_locale":"hu_HU","og_type":"article","og_title":"Contacts - eunosweb","og_description":"Hey, Drop Us a Line So you\u2019ve got something to say? Awesome. Whether the site\u2019s","og_url":"https:\/\/eunosweb.org\/hu\/kapcsolat\/","og_site_name":"eunosweb","article_modified_time":"2026-01-01T12:25:44+00:00","og_image":[{"url":"https:\/\/eunosweb.org\/wp-content\/uploads\/2026\/01\/30.jpg"}],"twitter_card":"summary_large_image","twitter_misc":{"Becs\u00fclt olvas\u00e1si id\u0151":"1 perc"},"schema":{"@context":"https:\/\/schema.org","@graph":[{"@type":"WebPage","@id":"https:\/\/eunosweb.org\/kontakty\/","url":"https:\/\/eunosweb.org\/kontakty\/","name":"Contacts - eunosweb","isPartOf":{"@id":"https:\/\/eunosweb.org\/#website"},"datePublished":"2023-08-08T16:57:18+00:00","dateModified":"2026-01-01T12:25:44+00:00","breadcrumb":{"@id":"https:\/\/eunosweb.org\/kontakty\/#breadcrumb"},"inLanguage":"hu","potentialAction":[{"@type":"ReadAction","target":["https:\/\/eunosweb.org\/kontakty\/"]}]},{"@type":"BreadcrumbList","@id":"https:\/\/eunosweb.org\/kontakty\/#breadcrumb","itemListElement":[{"@type":"ListItem","position":1,"name":"\u0413\u043b\u0430\u0432\u043d\u0430\u044f \u0441\u0442\u0440\u0430\u043d\u0438\u0446\u0430","item":"https:\/\/eunosweb.org\/"},{"@type":"ListItem","position":2,"name":"Contacts"}]},{"@type":"WebSite","@id":"https:\/\/eunosweb.org\/#website","url":"https:\/\/eunosweb.org\/","name":"eunosweb","description":"Ultimate Multilingual Catalog of Alluring Adventures: Top Escort Virtual Chats!","publisher":{"@id":"https:\/\/eunosweb.org\/#organization"},"potentialAction":[{"@type":"SearchAction","target":{"@type":"EntryPoint","urlTemplate":"https:\/\/eunosweb.org\/?s={search_term_string}"},"query-input":"required name=search_term_string"}],"inLanguage":"hu"},{"@type":"Organization","@id":"https:\/\/eunosweb.org\/#organization","name":"eunosweb","url":"https:\/\/eunosweb.org\/","logo":{"@type":"ImageObject","inLanguage":"hu","@id":"https:\/\/eunosweb.org\/#\/schema\/logo\/image\/","url":"https:\/\/eunosweb.org\/wp-content\/uploads\/2023\/08\/logo-1.png","contentUrl":"https:\/\/eunosweb.org\/wp-content\/uploads\/2023\/08\/logo-1.png","width":220,"height":28,"caption":"eunosweb"},"image":{"@id":"https:\/\/eunosweb.org\/#\/schema\/logo\/image\/"}}]}},"_links":{"self":[{"href":"https:\/\/eunosweb.org\/hu\/wp-json\/wp\/v2\/pages\/46","targetHints":{"allow":["GET"]}}],"collection":[{"href":"https:\/\/eunosweb.org\/hu\/wp-json\/wp\/v2\/pages"}],"about":[{"href":"https:\/\/eunosweb.org\/hu\/wp-json\/wp\/v2\/types\/page"}],"author":[{"embeddable":true,"href":"https:\/\/eunosweb.org\/hu\/wp-json\/wp\/v2\/users\/1"}],"replies":[{"embeddable":true,"href":"https:\/\/eunosweb.org\/hu\/wp-json\/wp\/v2\/comments?post=46"}],"version-history":[{"count":4,"href":"https:\/\/eunosweb.org\/hu\/wp-json\/wp\/v2\/pages\/46\/revisions"}],"predecessor-version":[{"id":4227,"href":"https:\/\/eunosweb.org\/hu\/wp-json\/wp\/v2\/pages\/46\/revisions\/4227"}],"wp:attachment":[{"href":"https:\/\/eunosweb.org\/hu\/wp-json\/wp\/v2\/media?parent=46"}],"curies":[{"name":"wp","href":"https:\/\/api.w.org\/{rel}","templated":true}]}}