{"id":42,"date":"2023-08-08T16:56:50","date_gmt":"2023-08-08T16:56:50","guid":{"rendered":"https:\/\/defiscalisant.com\/?page_id=42"},"modified":"2026-01-01T12:07:54","modified_gmt":"2026-01-01T12:07:54","slug":"konfidenczialnost","status":"publish","type":"page","link":"https:\/\/eunosweb.org\/et\/konfidentsiaalsus\/","title":{"rendered":"Privaatsus"},"content":{"rendered":"<p>Kuule, kuulake \u2013 privaatsus on oluline, eriti kui sukeldute t\u00f5siselt perverssesse meditsiinilise feti\u0161i sisusse. Me ei ole siin selleks, et teie andmetega m\u00e4nge m\u00e4ngida. Eunoswebis kohtleme teie andmeid nagu omaenda r\u00e4past v\u00e4ikest saladust: lukustatakse tihedalt, jama ei jagata, kui see pole h\u00e4davajalik. Tulete siia, et uurida neid vallatuid arsti-patsiendi fantaasiaid ilma, et p\u00e4rismaailm teie uksele koputaks, eks? Nii et me saame aru. T\u00e4ielik diskreetsus on m\u00e4ngu nimi.<\/p>\n<h3 style=\"text-align: center;\">Mida me kogume (ja miks me sellest hoolime)<\/h3>\n<p>Otsekoheselt: kogume kokku p\u00f5hit\u00f5ed, et sait sujuvalt t\u00f6\u00f6taks ja ebameeldivad asjad eemal hoida.<\/p>\n<p><strong>See t\u00e4hendab:<\/strong><\/p>\n<p>Konto asjad: Kui registreerud (kasutajanimi, e-post, r\u00e4situd parool \u2013 mitte kunagi lihtteksti kujul, noh). Me vajame seda, et saaksid sisse logida ja salvestada oma lemmikklipid sellest kuumast \u00f5est, kes teeb... noh, tead k\u00fcll.<br \/>\nVanusekontroll: Oled v\u00e4hemalt 18-aastane, eks? Me kontrollime seda jama, sest seadused on seadused ja keegi ei taha pahandusi. M\u00f5nikord salvestame m\u00e4rgi, mis t\u00f5endab sinu seaduslikku kohalolekut \u2013 isikut t\u00f5endavaid dokumente ei s\u00e4ilitata igavesti, lubame.<\/p>\n<p><strong>Kasutusandmed:<\/strong> Milliseid lehti sa k\u00fclastad, kui kaua sa sellel klistiiristseenil peatud (\u00e4ra hinda, vend), IP-aadress, brauseri t\u00fc\u00fcp, seadme info. See aitab meil vigu parandada ja v\u00e4lja selgitada, milline sisu sind k\u00e4ima paneb.<br \/>\n<strong>Makseinfo:<\/strong> Kui kasutate premium-liidest, t\u00f6\u00f6tleme makseid usaldusv\u00e4\u00e4rsete kolmandate osapoolte v\u00e4ravate (Stripe jne) kaudu. Me ei puutu kunagi teie t\u00e4ielikke kaardiandmeid \u2013 need on kr\u00fcpteeritud ja neid t\u00f6\u00f6tlevad professionaalid. Meie poolel pole vaja salvestusruumi.<br \/>\n<strong>K\u00fcpsised ja j\u00e4lgijad:<\/strong> Jah, me kasutame neid. Seansik\u00fcpsised, et sind sisse logituna hoida, anal\u00fc\u00fctikak\u00fcpsised, et n\u00e4ha, mis on populaarne. Kas oled kunagi m\u00f5elnud, miks see p\u00e4rasooleuuringu video soovitustes kuvatakse? S\u00fc\u00fcdista k\u00fcpsiseid, mitte seda, et me sulle silma pilgutame.<\/p>\n<p>Me ei kogu ebavajalikku infot, n\u00e4iteks teie t\u00e4pset asukohta (v\u00e4lja arvatud juhul, kui te selle mingil p\u00f5hjusel lubate \u2013 veider GPS-m\u00e4ng? Ei, me j\u00e4tame selle vahele). Mikrofoni ega kaamerale ligip\u00e4\u00e4su pole. Me pole Suur Vend; me oleme pigem nagu diskreetne kliinik, kes teab t\u00e4pselt, mida te vajate.<\/p>\n<p><strong>Kuidas me teie DataSimple&#039;i kasutame:<\/strong> kauba kohaletoimetamiseks. Me kasutame seda: saidi k\u00e4itamiseks ja teie feti\u0161ianuma voogesitamiseks ilma p\u00f5rguta puhverdamiseta.<br \/>\nSaatke meile, kui olete sellega n\u00f5ustunud (uued \u00fcleslaadimised, parooli l\u00e4htestamine \u2013 mitte midagi r\u00e4mpsposti).<br \/>\nParanda kogemust. N\u00e4iteks kui k\u00f5ik on latekskinnastest vaimustuses, siis me kaldume selle poole. Andmep\u00f5hine kiimavus, kullake.<br \/>\nJ\u00e4\u00e4 seaduslikuks ja turvaliseks. Kas m\u00e4rkad roboteid v\u00f5i pettust? Me anname sellest kohe m\u00e4rku.<\/p>\n<p>Me ei m\u00fc\u00fc teie andmeid. Punkt. Mitte reklaamijatele ega kahtlastele andmemaakleritele. Kes kurat \u00fcldse tahaks osta meditsiinilise feti\u0161i f\u00e4nnide nimekirja? See on kohtuasi, mis ootab juhtumist. Jagamine? Ainult siis, kui peame vaatama, me ei ole \u00fcksildased \u2013 vahel jagame, aga minimaalselt: Teenusepakkujad: majutus, anal\u00fc\u00fctika (Google Analytics, kuid anon\u00fc\u00fcmseks muudetud IP), makset\u00f6\u00f6tlejad. Neil on lepinguline kohustus vaikida.<\/p>\n<p><strong>\u00d5iguslikud p\u00f5hjused:<\/strong> Kui politsei tuleb korraliku orderiga ukse taha, siis me t\u00e4idame selle. Pagana haruldane, aga jah.<br \/>\n\u00c4ri\u00fclekanded: Kui me kunagi saidi maha m\u00fc\u00fcme (unista suurelt), v\u00f5idakse teie andmed \u00fcle kanda. Kuid me teavitame teid sellest.<\/p>\n<p>Ei mingeid suvalisi kolmandate osapoolte reklaame, mis sinu feti\u0161iotsinguid sihtiksid. Me vihkame ka seda pealet\u00fckkivat jama.<\/p>\n<p><strong>K\u00fcpsised ja j\u00e4lgimine:<\/strong> Real Talk k\u00fcpsised on v\u00e4ikesed failid, mis teevad elu lihtsamaks. Me kasutame: Olulisi: Saidi funktsionaalsust.<br \/>\nToimivus: anon\u00fc\u00fcmne statistika.<br \/>\nFunktsionaalne: Pea meeles oma eelistusi (tume re\u017eiim? Turvaotsing v\u00e4lja l\u00fclitatud?).<\/p>\n<p>Saate neid oma brauseri seadetes igal ajal tuumaks muuta. Aga olge ettevaatlikud \u2013 sait v\u00f5ib ilma nendeta kohmakas tunduda. Teie otsustada, perv. Kasutame video edenemise jaoks ka kohalikku salvestusruumi. Kas olete kunagi protseduuri keskel pausi teinud ja hiljem tagasi tulnud? Maagia. Kolmandate osapoolte k\u00fcpsised? Piiratud. Me ei lase Facebook Pixelil teid siin j\u00e4litada. Turvalisus: Me ei jama teie andmed on kr\u00fcptitud nii edastamisel (HTTPS k\u00f5ikjal) kui ka puhkeolekus. Regulaarsed auditid, tulem\u00fc\u00fcrid, k\u00f5ik t\u00f6\u00f6tab. Me pole v\u00f5itmatud \u2013 keegi pole \u2013, aga me kaotame une rikkumiste p\u00e4rast, et teie ei peaks seda tegema. Kui midagi l\u00e4heb valesti (koputame puule), teavitame teid kiiresti, kui see teid m\u00f5jutab. L\u00e4bipaistvus, litsid. Teie \u00f5igused: Teie kontrollite olukorda. S\u00f5ltuvalt teie elukohast (GDPR ELis? CCPA Californias?) on teil valikud: Juurdep\u00e4\u00e4s oma andmetele.<br \/>\nKustuta see (\u00f5igus olla unustatud \u2013 puff, kadunud).<br \/>\nKeeldu teatud kasutusviisidest.<br \/>\nKui me midagi untsu keerame, kaebame v\u00f5imudele.<\/p>\n<p style=\"text-align: right;\">V\u00f5tke meiega \u00fchendust aadressil privacy@eunosweb.com. Lahendame selle kiiresti \u2013 l\u00f5putuid vorme pole vaja t\u00e4ita. Alla 18-aastased lapsed? \u00dcldse mitte. Blokeerime ja kustutame teie andmed, kui teid m\u00e4rkame.<\/p>\n<p>T\u00e4iskasvanute meelelahutuse avaruses universumis, kus iga kl\u00f5ps k\u00e4ivitab uue seikluse, on privaatsus meie p\u00fcha lubadus. Sukeldudes Top Escort Virtual Chats&#039;i lummavasse maailma, tea, et sinu privaatsust mitte ainult ei austata, vaid ka t\u00e4histatakse.<\/p>\n<p><strong>Teie privaatsus, meie prioriteet:<\/strong> Privaatsus pole lihtsalt funktsioon; see on meie platvormi nurgakivi. Selles virtuaalsete ja eskortvestluste valdkonnas on diskreetsus kootud meie olemuse s\u00fcgavale kangale. Teie saladused on meiega turvalised, kui uurite t\u00e4iskasvanute vestluste mitmekesiseid dimensioone. Me seisame nagu kindlus, mis kaitseb teie teavet ja tagab, et teie virtuaalsed seiklused j\u00e4\u00e4vad teie kauniks saladuseks.<\/p>\n<p><strong>Mitmekeelne intiimsuse oaas:<\/strong> Kujutage ette p\u00fchapaika, kus keel ei ole kirele takistuseks. Meie platvorm \u00fcletab keelelisi piire, pakkudes mitmekeelset oaase intiimsete suhete otsijatele. Avastage virtuaalseid vestlusi, sukelduge eskortvestlustesse ja laske erinevate keelte ilul oma ihasid \u00fclendada.<\/p>\n<p><strong>N\u00f5uanded digiajastu kohtumisteks:<\/strong> Veebikaamerate kaudu suhtlemine on kunst ja meie oleme selles meistrid. Meie ajaveeb on n\u00f5uannete ja soovituste aaretelaegas, tarkuseallikas teie virtuaalsete kohtumiste rikastamiseks. Veebikaameravestluste n\u00fcanssidest kuni suhete loomise keerukusteni \u2013 me juhendame teid sellel haaraval teekonnal.<\/p>\n<p><strong>Rohkem kui esmapilgul paistab:<\/strong> Lisaks virtuaalsete vestluste v\u00f5lule oleme teadmiste ja kogemuste varamu. Meie blogi uhkeldab mitmekesise materjalikoguga, alates ahvatlevatest lugudest kuni sisukate n\u00e4pun\u00e4ideteni, mis aitavad teil paremini m\u00f5ista t\u00e4iskasvanute suhtlust.<\/p>\n<p>&nbsp;<\/p>\n<p>Rahvusvahelised kasutajad<br \/>\nMe oleme globaalsed. Andmed v\u00f5ivad \u00fcletada piire (serverid turvalistes asukohtades). Kuid me j\u00e4rgime peamisi privaatsusseadusi. Kui teie riigi reeglid on rangemad, andke meile teada \u2013 p\u00fc\u00fcame kohaneda.<\/p>\n<p style=\"text-align: right;\">Selle poliitika muudatused<\/p>\n<p style=\"text-align: right;\">Asjad arenevad \u2013 seadused, tehnoloogia, meie funktsioonid. Uuendame seda lehte ja saadame teile ehk e-kirja, kui see on oluline. Vaadake aeg-ajalt tagasi, eks?<\/p>\n<p style=\"text-align: right;\">Kas teil on k\u00fcsimusi?<\/p>\n<p style=\"text-align: right;\">\u00c4ra ole h\u00e4belik. Kirjuta aadressile privacy@eunosweb.com v\u00f5i vaata tuge. Me oleme p\u00e4ris inimesed (t\u00f5en\u00e4oliselt oma feti\u0161idega), mitte robotid.<\/p>\n<p>&nbsp;<\/p>\n<p style=\"text-align: center;\">T\u00e4name, et usaldasite meile oma privaatse m\u00e4nguaja. Olge ettevaatlikud, olge kiimas ja hoidke avalikkuse ees vastastikust n\u00f5usolekut.<\/p>","protected":false},"excerpt":{"rendered":"<p>Hey, listen up\u2014privacy matters, especially when you&#8217;re diving into some seriously kinky medical fetish content.<\/p>","protected":false},"author":1,"featured_media":0,"parent":0,"menu_order":0,"comment_status":"closed","ping_status":"closed","template":"","meta":{"footnotes":""},"class_list":["post-42","page","type-page","status-publish","hentry"],"yoast_head":"<!-- This site is optimized with the Yoast SEO plugin v20.13 - https:\/\/yoast.com\/wordpress\/plugins\/seo\/ -->\n<title>Privacy - eunosweb<\/title>\n<meta name=\"robots\" content=\"index, follow, max-snippet:-1, max-image-preview:large, max-video-preview:-1\" \/>\n<link rel=\"canonical\" href=\"https:\/\/eunosweb.org\/et\/konfidentsiaalsus\/\" \/>\n<meta property=\"og:locale\" content=\"et_EE\" \/>\n<meta property=\"og:type\" content=\"article\" \/>\n<meta property=\"og:title\" content=\"Privacy - eunosweb\" \/>\n<meta property=\"og:description\" content=\"Hey, listen up\u2014privacy matters, especially when you&#8217;re diving into some seriously kinky medical fetish content.\" \/>\n<meta property=\"og:url\" content=\"https:\/\/eunosweb.org\/et\/konfidentsiaalsus\/\" \/>\n<meta property=\"og:site_name\" content=\"eunosweb\" \/>\n<meta property=\"article:modified_time\" content=\"2026-01-01T12:07:54+00:00\" \/>\n<meta name=\"twitter:card\" content=\"summary_large_image\" \/>\n<meta name=\"twitter:label1\" content=\"Est. reading time\" \/>\n\t<meta name=\"twitter:data1\" content=\"2 minutit\" \/>\n<script type=\"application\/ld+json\" class=\"yoast-schema-graph\">{\"@context\":\"https:\/\/schema.org\",\"@graph\":[{\"@type\":\"WebPage\",\"@id\":\"https:\/\/eunosweb.org\/konfidenczialnost\/\",\"url\":\"https:\/\/eunosweb.org\/konfidenczialnost\/\",\"name\":\"Privacy - eunosweb\",\"isPartOf\":{\"@id\":\"https:\/\/eunosweb.org\/#website\"},\"datePublished\":\"2023-08-08T16:56:50+00:00\",\"dateModified\":\"2026-01-01T12:07:54+00:00\",\"breadcrumb\":{\"@id\":\"https:\/\/eunosweb.org\/konfidenczialnost\/#breadcrumb\"},\"inLanguage\":\"et\",\"potentialAction\":[{\"@type\":\"ReadAction\",\"target\":[\"https:\/\/eunosweb.org\/konfidenczialnost\/\"]}]},{\"@type\":\"BreadcrumbList\",\"@id\":\"https:\/\/eunosweb.org\/konfidenczialnost\/#breadcrumb\",\"itemListElement\":[{\"@type\":\"ListItem\",\"position\":1,\"name\":\"\u0413\u043b\u0430\u0432\u043d\u0430\u044f \u0441\u0442\u0440\u0430\u043d\u0438\u0446\u0430\",\"item\":\"https:\/\/eunosweb.org\/\"},{\"@type\":\"ListItem\",\"position\":2,\"name\":\"Privacy\"}]},{\"@type\":\"WebSite\",\"@id\":\"https:\/\/eunosweb.org\/#website\",\"url\":\"https:\/\/eunosweb.org\/\",\"name\":\"eunosweb\",\"description\":\"Ultimate Multilingual Catalog of Alluring Adventures: Top Escort Virtual Chats!\",\"publisher\":{\"@id\":\"https:\/\/eunosweb.org\/#organization\"},\"potentialAction\":[{\"@type\":\"SearchAction\",\"target\":{\"@type\":\"EntryPoint\",\"urlTemplate\":\"https:\/\/eunosweb.org\/?s={search_term_string}\"},\"query-input\":\"required name=search_term_string\"}],\"inLanguage\":\"et\"},{\"@type\":\"Organization\",\"@id\":\"https:\/\/eunosweb.org\/#organization\",\"name\":\"eunosweb\",\"url\":\"https:\/\/eunosweb.org\/\",\"logo\":{\"@type\":\"ImageObject\",\"inLanguage\":\"et\",\"@id\":\"https:\/\/eunosweb.org\/#\/schema\/logo\/image\/\",\"url\":\"https:\/\/eunosweb.org\/wp-content\/uploads\/2023\/08\/logo-1.png\",\"contentUrl\":\"https:\/\/eunosweb.org\/wp-content\/uploads\/2023\/08\/logo-1.png\",\"width\":220,\"height\":28,\"caption\":\"eunosweb\"},\"image\":{\"@id\":\"https:\/\/eunosweb.org\/#\/schema\/logo\/image\/\"}}]}<\/script>\n<!-- \/ Yoast SEO plugin. -->","yoast_head_json":{"title":"Privacy - eunosweb","robots":{"index":"index","follow":"follow","max-snippet":"max-snippet:-1","max-image-preview":"max-image-preview:large","max-video-preview":"max-video-preview:-1"},"canonical":"https:\/\/eunosweb.org\/et\/konfidentsiaalsus\/","og_locale":"et_EE","og_type":"article","og_title":"Privacy - eunosweb","og_description":"Hey, listen up\u2014privacy matters, especially when you&#8217;re diving into some seriously kinky medical fetish content.","og_url":"https:\/\/eunosweb.org\/et\/konfidentsiaalsus\/","og_site_name":"eunosweb","article_modified_time":"2026-01-01T12:07:54+00:00","twitter_card":"summary_large_image","twitter_misc":{"Est. reading time":"2 minutit"},"schema":{"@context":"https:\/\/schema.org","@graph":[{"@type":"WebPage","@id":"https:\/\/eunosweb.org\/konfidenczialnost\/","url":"https:\/\/eunosweb.org\/konfidenczialnost\/","name":"Privacy - eunosweb","isPartOf":{"@id":"https:\/\/eunosweb.org\/#website"},"datePublished":"2023-08-08T16:56:50+00:00","dateModified":"2026-01-01T12:07:54+00:00","breadcrumb":{"@id":"https:\/\/eunosweb.org\/konfidenczialnost\/#breadcrumb"},"inLanguage":"et","potentialAction":[{"@type":"ReadAction","target":["https:\/\/eunosweb.org\/konfidenczialnost\/"]}]},{"@type":"BreadcrumbList","@id":"https:\/\/eunosweb.org\/konfidenczialnost\/#breadcrumb","itemListElement":[{"@type":"ListItem","position":1,"name":"\u0413\u043b\u0430\u0432\u043d\u0430\u044f \u0441\u0442\u0440\u0430\u043d\u0438\u0446\u0430","item":"https:\/\/eunosweb.org\/"},{"@type":"ListItem","position":2,"name":"Privacy"}]},{"@type":"WebSite","@id":"https:\/\/eunosweb.org\/#website","url":"https:\/\/eunosweb.org\/","name":"eunosweb","description":"Ultimate Multilingual Catalog of Alluring Adventures: Top Escort Virtual Chats!","publisher":{"@id":"https:\/\/eunosweb.org\/#organization"},"potentialAction":[{"@type":"SearchAction","target":{"@type":"EntryPoint","urlTemplate":"https:\/\/eunosweb.org\/?s={search_term_string}"},"query-input":"required name=search_term_string"}],"inLanguage":"et"},{"@type":"Organization","@id":"https:\/\/eunosweb.org\/#organization","name":"eunosweb","url":"https:\/\/eunosweb.org\/","logo":{"@type":"ImageObject","inLanguage":"et","@id":"https:\/\/eunosweb.org\/#\/schema\/logo\/image\/","url":"https:\/\/eunosweb.org\/wp-content\/uploads\/2023\/08\/logo-1.png","contentUrl":"https:\/\/eunosweb.org\/wp-content\/uploads\/2023\/08\/logo-1.png","width":220,"height":28,"caption":"eunosweb"},"image":{"@id":"https:\/\/eunosweb.org\/#\/schema\/logo\/image\/"}}]}},"_links":{"self":[{"href":"https:\/\/eunosweb.org\/et\/wp-json\/wp\/v2\/pages\/42","targetHints":{"allow":["GET"]}}],"collection":[{"href":"https:\/\/eunosweb.org\/et\/wp-json\/wp\/v2\/pages"}],"about":[{"href":"https:\/\/eunosweb.org\/et\/wp-json\/wp\/v2\/types\/page"}],"author":[{"embeddable":true,"href":"https:\/\/eunosweb.org\/et\/wp-json\/wp\/v2\/users\/1"}],"replies":[{"embeddable":true,"href":"https:\/\/eunosweb.org\/et\/wp-json\/wp\/v2\/comments?post=42"}],"version-history":[{"count":5,"href":"https:\/\/eunosweb.org\/et\/wp-json\/wp\/v2\/pages\/42\/revisions"}],"predecessor-version":[{"id":4199,"href":"https:\/\/eunosweb.org\/et\/wp-json\/wp\/v2\/pages\/42\/revisions\/4199"}],"wp:attachment":[{"href":"https:\/\/eunosweb.org\/et\/wp-json\/wp\/v2\/media?parent=42"}],"curies":[{"name":"wp","href":"https:\/\/api.w.org\/{rel}","templated":true}]}}