{"id":4202,"date":"2026-01-01T12:13:34","date_gmt":"2026-01-01T12:13:34","guid":{"rendered":"https:\/\/eunosweb.org\/?page_id=4202"},"modified":"2026-01-01T12:22:57","modified_gmt":"2026-01-01T12:22:57","slug":"photos-doctors","status":"publish","type":"page","link":"https:\/\/eunosweb.org\/de\/fotos-arzte\/","title":{"rendered":"Fotos von freiz\u00fcgigen Krankenschwestern und \u00c4rztinnen"},"content":{"rendered":"<p><img loading=\"lazy\" decoding=\"async\" class=\"wp-image-4224 alignleft\" src=\"https:\/\/eunosweb.org\/wp-content\/uploads\/2026\/01\/53.jpg\" alt=\"\" width=\"348\" height=\"525\" srcset=\"https:\/\/eunosweb.org\/wp-content\/uploads\/2026\/01\/53.jpg 460w, https:\/\/eunosweb.org\/wp-content\/uploads\/2026\/01\/53-199x300.jpg 199w, https:\/\/eunosweb.org\/wp-content\/uploads\/2026\/01\/53-8x12.jpg 8w\" sizes=\"auto, (max-width: 348px) 100vw, 348px\" \/>Na gut, du dreckiger Perverser \u2013 du hast genau da geklickt, wo du hinwolltest. Willkommen in der schmutzigsten Ecke von Eunosweb: Hunderte hochaufl\u00f6sende Bilder von Krankenschwestern und \u00c4rzten, die den hippokratischen Eid vergessen haben und sich nur noch daran erinnern, wie man mit einem Stethoskop in der Hand verdammt sexy aussieht.<\/p>\n<p>Das sind nicht die Krankenhausfotos von Oma. Hier sieht man kurze wei\u00dfe Kittel, die kaum die Spitzenstr\u00fcmpfe bedecken, OP-Kleidung, die so weit heruntergezogen ist, dass man die harten, rosafarbenen Brustwarzen erahnen kann, und Latexhandschuhe, die mit diesem verschmitzten L\u00e4cheln \u00fcbergestreift werden, das sagt: \u201eMund auf!\u201c. Manche Frauen heben ihre R\u00f6cke auf der Untersuchungsliege und spreizen die Beine f\u00fcr die Kamera, als w\u00fcrden sie auf deine Zunge statt auf ein Thermometer warten. Andere beugen sich \u00fcber \u201ePatienten\u201c, ihr Dekollet\u00e9 quillt hervor, w\u00e4hrend sie so tun, als w\u00fcrden sie den Puls f\u00fchlen \u2013 aber wir alle wissen, wessen Puls wirklich rast.<\/p>\n<p>Stehst du auf Autorit\u00e4t? Dann schau dir die strengen \u00c4rztinnen in ihren engen Bleistiftr\u00f6cken an, die Brille tief auf dem Kopf, wie sie sich \u00fcber etwas in der Patientenakte beugen, um es zu \u201ekorrigieren\u201c, w\u00e4hrend ihre Pobacken hervorblitzen. Oder die selbstgef\u00e4lligen \u00c4rzte mit bis zum Bauchnabel aufgekn\u00f6pften Hemden, deren W\u00f6lbung sich deutlich in den d\u00fcnnen OP-Hosen abzeichnet, die grinsen, als w\u00fcssten sie genau, welche Spritze du dir w\u00fcnschst.<\/p>\n<p class=\"tease\">Warum hauen diese Bilder so verdammt rein? Weil es diese perfekte Mischung ist \u2013 sauberes, steriles Wei\u00df im Kontrast zu ger\u00f6teter Haut, kalte Metallinstrumente, die warme Kurven streifen, die ganze \u201eVertrau mir, ich bin ein Profi\u201c-Aura, w\u00e4hrend sie sich offensichtlich danach sehnen, auf dem Crash-Cart durchgenommen zu werden.<\/p>\n<p>Wir haben Solo-Szenen: eine rothaarige Krankenschwester, die sich auf die Lippe bei\u00dft, w\u00e4hrend sie einen behandschuhten Finger unter ihren Slip schiebt. Szenen zu zweit, in denen \u201eKollegen\u201c vergessen, dass sie Dienst haben und sich \u00fcber der Blutdruckmanschette k\u00fcssen. Auch Gruppenszenen gibt es \u2013 ganze \u201ePersonalbesprechungen\u201c, die darin enden, dass alle nackt und auf Liegen liegen, Spritzen und Spekula wie Partygeschenke verstreut herumliegen.<\/p>\n<p>Mal ehrlich \u2013 manche dieser M\u00e4dels sehen auf den ersten Blick so unschuldig aus, mit Pferdeschwanz und Klemmbrett, und dann \u2013 zack! \u2013 die Beine breitbeinig auf den Steigb\u00fcgeln, triefend nass und zwinkern in die Kamera. Andere geben sich vom ersten Bild an total freiz\u00fcgig: Netzstr\u00fcmpfe unter dem Laborkittel, Abs\u00e4tze klappern auf dem Linoleum, die Br\u00fcste stolz pr\u00e4sentiert. Abwechslung ist doch das A und O, oder? Blond, br\u00fcnett, t\u00e4towiert, gepierct, kr\u00e4ftige Oberschenkel, schmale Taillen \u2013 was auch immer deinen Schwanz zum Zucken oder deine Muschi zum Pochen bringt, ist hier wahrscheinlich dabei.<\/p>\n<p><img loading=\"lazy\" decoding=\"async\" class=\"wp-image-4222 alignright\" src=\"https:\/\/eunosweb.org\/wp-content\/uploads\/2026\/01\/51.jpg\" alt=\"\" width=\"305\" height=\"458\" srcset=\"https:\/\/eunosweb.org\/wp-content\/uploads\/2026\/01\/51.jpg 460w, https:\/\/eunosweb.org\/wp-content\/uploads\/2026\/01\/51-200x300.jpg 200w, https:\/\/eunosweb.org\/wp-content\/uploads\/2026\/01\/51-8x12.jpg 8w\" sizes=\"auto, (max-width: 305px) 100vw, 305px\" \/>Und ja, die Jungs lassen es nicht schleifen. Muskelbepackte \u00c4rzte mit hochgekrempelten \u00c4rmeln, die Adern treten hervor, halten Otoskope, als wollten sie etwas viel Tieferes als dein Ohr untersuchen. Manche haben in ihren weiten Hosen richtig was zu bieten \u2013 Konturen, die man mit der Zunge nachzeichnen k\u00f6nnte. Andere tun sich mit den Krankenschwestern zusammen f\u00fcr die klassische \u201eNach-Dienst-\u00dcberstunden\u201c-Fantasie, zu der wir uns alle einen runterholen.<\/p>\n<p>Scrolle langsam, genie\u00dfe den Moment. Zoome auf die Details \u2013 die G\u00e4nsehaut auf der nackten Haut, wenn die Klimaanlage anspringt, den feuchten Glanz auf den Lippen (oben und unten), wie sich Latex \u00fcber die Kn\u00f6chel dehnt, bevor es irgendwo in Verruchtem verschwindet. Das sind keine schnell hingeschnappten Handyfotos; sie sind ausgeleuchtet wie richtige Pornofilme, scharf genug, um Sommersprossen auf den Innenseiten der Oberschenkel zu z\u00e4hlen.<\/p>\n<p class=\"warning\">Kurzer Hinweis an alle geilen Freunde: Alle Models sind \u00fcber 18, alles einvernehmlich, fotografiert von Profis, die wissen, wie man medizinische Ger\u00e4te verdammt sexy aussehen l\u00e4sst. Macht sowas blo\u00df nicht in eurer Arztpraxis, es sei denn, ihr wollt einen Daueraufenthaltsverbot und peinliche Erkl\u00e4rungen.<\/p>\n<p>Also, tauch ein. Lass es krachen, lass es krachen, komm zum H\u00f6hepunkt \u2013 was immer du brauchst. Diese Galerie wird immer aktualisiert, wenn wir neue Schlampen in OP-Kleidung finden, die Lust haben, auf spielerische Art \u00c4rztin zu spielen. Laden deine Favoriten nicht schnell genug? Schuld sind deine zittrigen H\u00e4nde. Viel Spa\u00df und pass auf, dass du deine Tastatur nicht zu sehr bekleckerst.<\/p>\n<p>Siehst du etwas, das dir gef\u00e4llt? Speichere es, teile es mit einem anderen Devianten (nat\u00fcrlich privat) oder komm einfach morgen wieder \u2013 es beginnt immer bald eine neue Schicht.<\/p>","protected":false},"excerpt":{"rendered":"<p>Na gut, du dreckiger Perverser \u2013 du hast genau da geklickt, wo du hinwolltest. Willkommen im schmutzigsten<\/p>","protected":false},"author":1,"featured_media":0,"parent":0,"menu_order":0,"comment_status":"closed","ping_status":"closed","template":"","meta":{"footnotes":""},"class_list":["post-4202","page","type-page","status-publish","hentry"],"yoast_head":"<!-- This site is optimized with the Yoast SEO plugin v20.13 - https:\/\/yoast.com\/wordpress\/plugins\/seo\/ -->\n<title>Photos of Slutty Nurses and Doctors - eunosweb<\/title>\n<meta name=\"robots\" content=\"index, follow, max-snippet:-1, max-image-preview:large, max-video-preview:-1\" \/>\n<link rel=\"canonical\" href=\"https:\/\/eunosweb.org\/de\/fotos-arzte\/\" \/>\n<meta property=\"og:locale\" content=\"de_DE\" \/>\n<meta property=\"og:type\" content=\"article\" \/>\n<meta property=\"og:title\" content=\"Photos of Slutty Nurses and Doctors - eunosweb\" \/>\n<meta property=\"og:description\" content=\"Alright, you filthy pervert\u2014you clicked exactly where you wanted to be. Welcome to the dirtiest\" \/>\n<meta property=\"og:url\" content=\"https:\/\/eunosweb.org\/de\/fotos-arzte\/\" \/>\n<meta property=\"og:site_name\" content=\"eunosweb\" \/>\n<meta property=\"article:modified_time\" content=\"2026-01-01T12:22:57+00:00\" \/>\n<meta property=\"og:image\" content=\"https:\/\/eunosweb.org\/wp-content\/uploads\/2026\/01\/53.jpg\" \/>\n<meta name=\"twitter:card\" content=\"summary_large_image\" \/>\n<meta name=\"twitter:label1\" content=\"Gesch\u00e4tzte Lesezeit\" \/>\n\t<meta name=\"twitter:data1\" content=\"4\u00a0Minuten\" \/>\n<script type=\"application\/ld+json\" class=\"yoast-schema-graph\">{\"@context\":\"https:\/\/schema.org\",\"@graph\":[{\"@type\":\"WebPage\",\"@id\":\"https:\/\/eunosweb.org\/photos-doctors\/\",\"url\":\"https:\/\/eunosweb.org\/photos-doctors\/\",\"name\":\"Photos of Slutty Nurses and Doctors - eunosweb\",\"isPartOf\":{\"@id\":\"https:\/\/eunosweb.org\/#website\"},\"datePublished\":\"2026-01-01T12:13:34+00:00\",\"dateModified\":\"2026-01-01T12:22:57+00:00\",\"breadcrumb\":{\"@id\":\"https:\/\/eunosweb.org\/photos-doctors\/#breadcrumb\"},\"inLanguage\":\"de\",\"potentialAction\":[{\"@type\":\"ReadAction\",\"target\":[\"https:\/\/eunosweb.org\/photos-doctors\/\"]}]},{\"@type\":\"BreadcrumbList\",\"@id\":\"https:\/\/eunosweb.org\/photos-doctors\/#breadcrumb\",\"itemListElement\":[{\"@type\":\"ListItem\",\"position\":1,\"name\":\"\u0413\u043b\u0430\u0432\u043d\u0430\u044f \u0441\u0442\u0440\u0430\u043d\u0438\u0446\u0430\",\"item\":\"https:\/\/eunosweb.org\/\"},{\"@type\":\"ListItem\",\"position\":2,\"name\":\"Photos of Slutty Nurses and Doctors\"}]},{\"@type\":\"WebSite\",\"@id\":\"https:\/\/eunosweb.org\/#website\",\"url\":\"https:\/\/eunosweb.org\/\",\"name\":\"eunosweb\",\"description\":\"Ultimate Multilingual Catalog of Alluring Adventures: Top Escort Virtual Chats!\",\"publisher\":{\"@id\":\"https:\/\/eunosweb.org\/#organization\"},\"potentialAction\":[{\"@type\":\"SearchAction\",\"target\":{\"@type\":\"EntryPoint\",\"urlTemplate\":\"https:\/\/eunosweb.org\/?s={search_term_string}\"},\"query-input\":\"required name=search_term_string\"}],\"inLanguage\":\"de\"},{\"@type\":\"Organization\",\"@id\":\"https:\/\/eunosweb.org\/#organization\",\"name\":\"eunosweb\",\"url\":\"https:\/\/eunosweb.org\/\",\"logo\":{\"@type\":\"ImageObject\",\"inLanguage\":\"de\",\"@id\":\"https:\/\/eunosweb.org\/#\/schema\/logo\/image\/\",\"url\":\"https:\/\/eunosweb.org\/wp-content\/uploads\/2023\/08\/logo-1.png\",\"contentUrl\":\"https:\/\/eunosweb.org\/wp-content\/uploads\/2023\/08\/logo-1.png\",\"width\":220,\"height\":28,\"caption\":\"eunosweb\"},\"image\":{\"@id\":\"https:\/\/eunosweb.org\/#\/schema\/logo\/image\/\"}}]}<\/script>\n<!-- \/ Yoast SEO plugin. -->","yoast_head_json":{"title":"Photos of Slutty Nurses and Doctors - eunosweb","robots":{"index":"index","follow":"follow","max-snippet":"max-snippet:-1","max-image-preview":"max-image-preview:large","max-video-preview":"max-video-preview:-1"},"canonical":"https:\/\/eunosweb.org\/de\/fotos-arzte\/","og_locale":"de_DE","og_type":"article","og_title":"Photos of Slutty Nurses and Doctors - eunosweb","og_description":"Alright, you filthy pervert\u2014you clicked exactly where you wanted to be. Welcome to the dirtiest","og_url":"https:\/\/eunosweb.org\/de\/fotos-arzte\/","og_site_name":"eunosweb","article_modified_time":"2026-01-01T12:22:57+00:00","og_image":[{"url":"https:\/\/eunosweb.org\/wp-content\/uploads\/2026\/01\/53.jpg"}],"twitter_card":"summary_large_image","twitter_misc":{"Gesch\u00e4tzte Lesezeit":"4\u00a0Minuten"},"schema":{"@context":"https:\/\/schema.org","@graph":[{"@type":"WebPage","@id":"https:\/\/eunosweb.org\/photos-doctors\/","url":"https:\/\/eunosweb.org\/photos-doctors\/","name":"Photos of Slutty Nurses and Doctors - eunosweb","isPartOf":{"@id":"https:\/\/eunosweb.org\/#website"},"datePublished":"2026-01-01T12:13:34+00:00","dateModified":"2026-01-01T12:22:57+00:00","breadcrumb":{"@id":"https:\/\/eunosweb.org\/photos-doctors\/#breadcrumb"},"inLanguage":"de","potentialAction":[{"@type":"ReadAction","target":["https:\/\/eunosweb.org\/photos-doctors\/"]}]},{"@type":"BreadcrumbList","@id":"https:\/\/eunosweb.org\/photos-doctors\/#breadcrumb","itemListElement":[{"@type":"ListItem","position":1,"name":"\u0413\u043b\u0430\u0432\u043d\u0430\u044f \u0441\u0442\u0440\u0430\u043d\u0438\u0446\u0430","item":"https:\/\/eunosweb.org\/"},{"@type":"ListItem","position":2,"name":"Photos of Slutty Nurses and Doctors"}]},{"@type":"WebSite","@id":"https:\/\/eunosweb.org\/#website","url":"https:\/\/eunosweb.org\/","name":"eunosweb","description":"Ultimate Multilingual Catalog of Alluring Adventures: Top Escort Virtual Chats!","publisher":{"@id":"https:\/\/eunosweb.org\/#organization"},"potentialAction":[{"@type":"SearchAction","target":{"@type":"EntryPoint","urlTemplate":"https:\/\/eunosweb.org\/?s={search_term_string}"},"query-input":"required name=search_term_string"}],"inLanguage":"de"},{"@type":"Organization","@id":"https:\/\/eunosweb.org\/#organization","name":"eunosweb","url":"https:\/\/eunosweb.org\/","logo":{"@type":"ImageObject","inLanguage":"de","@id":"https:\/\/eunosweb.org\/#\/schema\/logo\/image\/","url":"https:\/\/eunosweb.org\/wp-content\/uploads\/2023\/08\/logo-1.png","contentUrl":"https:\/\/eunosweb.org\/wp-content\/uploads\/2023\/08\/logo-1.png","width":220,"height":28,"caption":"eunosweb"},"image":{"@id":"https:\/\/eunosweb.org\/#\/schema\/logo\/image\/"}}]}},"_links":{"self":[{"href":"https:\/\/eunosweb.org\/de\/wp-json\/wp\/v2\/pages\/4202","targetHints":{"allow":["GET"]}}],"collection":[{"href":"https:\/\/eunosweb.org\/de\/wp-json\/wp\/v2\/pages"}],"about":[{"href":"https:\/\/eunosweb.org\/de\/wp-json\/wp\/v2\/types\/page"}],"author":[{"embeddable":true,"href":"https:\/\/eunosweb.org\/de\/wp-json\/wp\/v2\/users\/1"}],"replies":[{"embeddable":true,"href":"https:\/\/eunosweb.org\/de\/wp-json\/wp\/v2\/comments?post=4202"}],"version-history":[{"count":3,"href":"https:\/\/eunosweb.org\/de\/wp-json\/wp\/v2\/pages\/4202\/revisions"}],"predecessor-version":[{"id":4226,"href":"https:\/\/eunosweb.org\/de\/wp-json\/wp\/v2\/pages\/4202\/revisions\/4226"}],"wp:attachment":[{"href":"https:\/\/eunosweb.org\/de\/wp-json\/wp\/v2\/media?parent=4202"}],"curies":[{"name":"wp","href":"https:\/\/api.w.org\/{rel}","templated":true}]}}