{"id":46,"date":"2023-08-08T16:57:18","date_gmt":"2023-08-08T16:57:18","guid":{"rendered":"https:\/\/defiscalisant.com\/?page_id=46"},"modified":"2026-01-01T12:25:44","modified_gmt":"2026-01-01T12:25:44","slug":"kontakty","status":"publish","type":"page","link":"https:\/\/eunosweb.org\/da\/kontakt\/","title":{"rendered":"Kontakter"},"content":{"rendered":"<h1>Hej, skriv til os<\/h1>\n<p><img loading=\"lazy\" decoding=\"async\" class=\"size-full wp-image-4193 alignright\" src=\"https:\/\/eunosweb.org\/wp-content\/uploads\/2026\/01\/30.jpg\" alt=\"\" width=\"322\" height=\"483\" srcset=\"https:\/\/eunosweb.org\/wp-content\/uploads\/2026\/01\/30.jpg 460w, https:\/\/eunosweb.org\/wp-content\/uploads\/2026\/01\/30-200x300.jpg 200w, https:\/\/eunosweb.org\/wp-content\/uploads\/2026\/01\/30-8x12.jpg 8w\" sizes=\"auto, (max-width: 322px) 100vw, 322px\" \/>S\u00e5 du har noget at sige? Fantastisk. Uanset om siden opf\u00f8rer sig d\u00e5rligt lige n\u00e5r tingene g\u00e5r godt, du har et problem med din fakturering, eller du bare vil hviske et upassende forslag om en ny spekulumscene - s\u00e5 lytter vi gerne. Nej, vi l\u00e6ser alle beskeder. Nogle gange med l\u00f8ftede \u00f8jenbryn, nogle gange med et smil. Du ville blive overrasket over, hvad der lander i vores indbakke.<\/p>\n<p>Vi tilbyder ikke telefonsupport (undskyld, ingen sygeplejerske-hotlines til sent om aftenen her), og live chat er ikke en realitet endnu \u2013 skyd skylden p\u00e5 budgettet eller hvad det nu m\u00e5tte v\u00e6re. E-mail er vejen frem. Det holder tingene diskrete, lader os rent faktisk ordne ting i stedet for at haste igennem opkald, og \u00e6rligt talt, at skrive dine vilde id\u00e9er ud giver dig tid til at g\u00f8re dem endnu mere beskidte.<\/p>\n<h2>V\u00e6lg din gift<\/h2>\n<p><span class=\"email\">support@eunosweb.com<\/span> \u2013 Tekniske ting. Kan du ikke logge ind? Videobuffering som et tilstoppet kateter? Fort\u00e6l os din browser, enhed, hvad du s\u00e5, da den d\u00f8de \u2013 jo flere detaljer, jo hurtigere opdaterer vi den. Bonuspoint, hvis du inkluderer sk\u00e6rmbilleder. Vi elsker visuelle hj\u00e6lpemidler her.<\/p>\n<p><span class=\"email\">fakturering@eunosweb.com<\/span> \u2013 Pengesnak. Abonnementet kan ikke annulleres? Ser betalingen m\u00e6rkelig ud? Har du brug for refusion, fordi livet kom i vejen for din sexoplevelse? Skynd dig denne. Vi er ret afslappede omkring refusioner inden for rimelighedens gr\u00e6nser \u2013 bare tag ikke pis p\u00e5 det.<\/p>\n<p><span class=\"email\">id\u00e9er@eunosweb.com<\/span> \u2013 Sjovboksen. Har du en fantasi, der ikke er blevet optaget endnu? Tror du, vi har brug for flere latexhandsker, rektaltemp eller den ene m\u00e6rkelige procedure, du ikke kan finde nogen steder? Fort\u00e6l det. De bedste id\u00e9er kommer nogle gange fra jer perverse, og ja, vi har faktisk f\u00e5et et par stykker til at ske. Ingen l\u00f8fter, men vi l\u00e6ser den og m\u00e5ske r\u00f8dmer.<\/p>\n<h2>Eller brug denne formular (vi bider ikke)<\/h2>\n\n<div class=\"wpcf7 no-js\" id=\"wpcf7-f184-o1\" lang=\"en-US\" dir=\"ltr\">\n<div class=\"screen-reader-response\"><p role=\"status\" aria-live=\"polite\" aria-atomic=\"true\"><\/p> <ul><\/ul><\/div>\n<form action=\"\/da\/wp-json\/wp\/v2\/pages\/46#wpcf7-f184-o1\" method=\"post\" class=\"wpcf7-form init\" aria-label=\"Contact form\" novalidate=\"novalidate\" data-status=\"init\" data-trp-original-action=\"\/da\/wp-json\/wp\/v2\/pages\/46#wpcf7-f184-o1\">\n<div style=\"display: none;\">\n<input type=\"hidden\" name=\"_wpcf7\" value=\"184\" \/>\n<input type=\"hidden\" name=\"_wpcf7_version\" value=\"5.8\" \/>\n<input type=\"hidden\" name=\"_wpcf7_locale\" value=\"en_US\" \/>\n<input type=\"hidden\" name=\"_wpcf7_unit_tag\" value=\"wpcf7-f184-o1\" \/>\n<input type=\"hidden\" name=\"_wpcf7_container_post\" value=\"0\" \/>\n<input type=\"hidden\" name=\"_wpcf7_posted_data_hash\" value=\"\" \/>\n<\/div>\n<p><label> Dit navn<br \/>\n<span class=\"wpcf7-form-control-wrap\" data-name=\"your-name\"><input size=\"40\" class=\"wpcf7-form-control wpcf7-text wpcf7-validates-as-required\" autocomplete=\"name\" aria-required=\"true\" aria-invalid=\"false\" value=\"\" type=\"text\" name=\"your-name\" \/><\/span> <\/label>\n<\/p>\n<p><label> Din e-mail<br \/>\n<span class=\"wpcf7-form-control-wrap\" data-name=\"your-email\"><input size=\"40\" class=\"wpcf7-form-control wpcf7-email wpcf7-validates-as-required wpcf7-text wpcf7-validates-as-email\" autocomplete=\"email\" aria-required=\"true\" aria-invalid=\"false\" value=\"\" type=\"email\" name=\"your-email\" \/><\/span> <\/label>\n<\/p>\n<p><label> Emne<br \/>\n<span class=\"wpcf7-form-control-wrap\" data-name=\"your-subject\"><input size=\"40\" class=\"wpcf7-form-control wpcf7-text wpcf7-validates-as-required\" aria-required=\"true\" aria-invalid=\"false\" value=\"\" type=\"text\" name=\"your-subject\" \/><\/span> <\/label>\n<\/p>\n<p><label> Din besked (valgfrit)<br \/>\n<span class=\"wpcf7-form-control-wrap\" data-name=\"your-message\"><textarea cols=\"40\" rows=\"10\" class=\"wpcf7-form-control wpcf7-textarea\" aria-invalid=\"false\" name=\"your-message\"><\/textarea><\/span> <\/label>\n<\/p>\n<p><input class=\"wpcf7-form-control wpcf7-submit has-spinner\" type=\"submit\" value=\"Indsend\" \/>\n<\/p><div class=\"wpcf7-response-output\" aria-hidden=\"true\"><\/div>\n<input type=\"hidden\" name=\"trp-form-language\" value=\"da\"\/><\/form>\n<\/div>\n\n<p class=\"note\"><img loading=\"lazy\" decoding=\"async\" class=\"size-full wp-image-4176 alignleft\" src=\"https:\/\/eunosweb.org\/wp-content\/uploads\/2026\/01\/13.jpg\" alt=\"\" width=\"253\" height=\"380\" srcset=\"https:\/\/eunosweb.org\/wp-content\/uploads\/2026\/01\/13.jpg 460w, https:\/\/eunosweb.org\/wp-content\/uploads\/2026\/01\/13-200x300.jpg 200w, https:\/\/eunosweb.org\/wp-content\/uploads\/2026\/01\/13-8x12.jpg 8w\" sizes=\"auto, (max-width: 253px) 100vw, 253px\" \/>Vi svarer normalt inden for 24-48 timer. Weekenderne kan v\u00e6re langsommere \u2013 teamet skal ogs\u00e5 genoplades, ikke? Hvis det er presserende (f.eks. hvis du er l\u00e5st ude midt i en session), s\u00e5 marker det &quot;HASTER&quot; i emnefeltet, s\u00e5 rykker vi det op.<\/p>\n<p>En sidste ting: Send ikke rigtige n\u00f8genbilleder eller personlige billeder, medmindre du er okay med, at vi ser dem (vi sletter dem nok alligevel af juridiske \u00e5rsager). Og nej, vi vil ikke rollespille med dig i supportsager. Spar den energi til indholdet \u2013 vi har performere til det.<\/p>\n<p>Okay, det var det. Skyd dit skud. Vi er her, vi er queere (n\u00e5 ja, nogle af os), og vi er klar til hvad end du kaster efter os.<\/p>\n<p>Forbliv fr\u00e6k,<br \/>Eunosweb-holdet<\/p>","protected":false},"excerpt":{"rendered":"<p>Hej, skriv til os. Har du noget at sige? Fantastisk. Om siden er<\/p>","protected":false},"author":1,"featured_media":0,"parent":0,"menu_order":0,"comment_status":"closed","ping_status":"closed","template":"","meta":{"footnotes":""},"class_list":["post-46","page","type-page","status-publish","hentry"],"yoast_head":"<!-- This site is optimized with the Yoast SEO plugin v20.13 - https:\/\/yoast.com\/wordpress\/plugins\/seo\/ -->\n<title>Contacts - eunosweb<\/title>\n<meta name=\"robots\" content=\"index, follow, max-snippet:-1, max-image-preview:large, max-video-preview:-1\" \/>\n<link rel=\"canonical\" href=\"https:\/\/eunosweb.org\/da\/kontakt\/\" \/>\n<meta property=\"og:locale\" content=\"da_DK\" \/>\n<meta property=\"og:type\" content=\"article\" \/>\n<meta property=\"og:title\" content=\"Contacts - eunosweb\" \/>\n<meta property=\"og:description\" content=\"Hey, Drop Us a Line So you\u2019ve got something to say? Awesome. Whether the site\u2019s\" \/>\n<meta property=\"og:url\" content=\"https:\/\/eunosweb.org\/da\/kontakt\/\" \/>\n<meta property=\"og:site_name\" content=\"eunosweb\" \/>\n<meta property=\"article:modified_time\" content=\"2026-01-01T12:25:44+00:00\" \/>\n<meta property=\"og:image\" content=\"https:\/\/eunosweb.org\/wp-content\/uploads\/2026\/01\/30.jpg\" \/>\n<meta name=\"twitter:card\" content=\"summary_large_image\" \/>\n<meta name=\"twitter:label1\" content=\"Estimeret l\u00e6setid\" \/>\n\t<meta name=\"twitter:data1\" content=\"1 minut\" \/>\n<script type=\"application\/ld+json\" class=\"yoast-schema-graph\">{\"@context\":\"https:\/\/schema.org\",\"@graph\":[{\"@type\":\"WebPage\",\"@id\":\"https:\/\/eunosweb.org\/kontakty\/\",\"url\":\"https:\/\/eunosweb.org\/kontakty\/\",\"name\":\"Contacts - eunosweb\",\"isPartOf\":{\"@id\":\"https:\/\/eunosweb.org\/#website\"},\"datePublished\":\"2023-08-08T16:57:18+00:00\",\"dateModified\":\"2026-01-01T12:25:44+00:00\",\"breadcrumb\":{\"@id\":\"https:\/\/eunosweb.org\/kontakty\/#breadcrumb\"},\"inLanguage\":\"da-DK\",\"potentialAction\":[{\"@type\":\"ReadAction\",\"target\":[\"https:\/\/eunosweb.org\/kontakty\/\"]}]},{\"@type\":\"BreadcrumbList\",\"@id\":\"https:\/\/eunosweb.org\/kontakty\/#breadcrumb\",\"itemListElement\":[{\"@type\":\"ListItem\",\"position\":1,\"name\":\"\u0413\u043b\u0430\u0432\u043d\u0430\u044f \u0441\u0442\u0440\u0430\u043d\u0438\u0446\u0430\",\"item\":\"https:\/\/eunosweb.org\/\"},{\"@type\":\"ListItem\",\"position\":2,\"name\":\"Contacts\"}]},{\"@type\":\"WebSite\",\"@id\":\"https:\/\/eunosweb.org\/#website\",\"url\":\"https:\/\/eunosweb.org\/\",\"name\":\"eunosweb\",\"description\":\"Ultimate Multilingual Catalog of Alluring Adventures: Top Escort Virtual Chats!\",\"publisher\":{\"@id\":\"https:\/\/eunosweb.org\/#organization\"},\"potentialAction\":[{\"@type\":\"SearchAction\",\"target\":{\"@type\":\"EntryPoint\",\"urlTemplate\":\"https:\/\/eunosweb.org\/?s={search_term_string}\"},\"query-input\":\"required name=search_term_string\"}],\"inLanguage\":\"da-DK\"},{\"@type\":\"Organization\",\"@id\":\"https:\/\/eunosweb.org\/#organization\",\"name\":\"eunosweb\",\"url\":\"https:\/\/eunosweb.org\/\",\"logo\":{\"@type\":\"ImageObject\",\"inLanguage\":\"da-DK\",\"@id\":\"https:\/\/eunosweb.org\/#\/schema\/logo\/image\/\",\"url\":\"https:\/\/eunosweb.org\/wp-content\/uploads\/2023\/08\/logo-1.png\",\"contentUrl\":\"https:\/\/eunosweb.org\/wp-content\/uploads\/2023\/08\/logo-1.png\",\"width\":220,\"height\":28,\"caption\":\"eunosweb\"},\"image\":{\"@id\":\"https:\/\/eunosweb.org\/#\/schema\/logo\/image\/\"}}]}<\/script>\n<!-- \/ Yoast SEO plugin. -->","yoast_head_json":{"title":"Contacts - eunosweb","robots":{"index":"index","follow":"follow","max-snippet":"max-snippet:-1","max-image-preview":"max-image-preview:large","max-video-preview":"max-video-preview:-1"},"canonical":"https:\/\/eunosweb.org\/da\/kontakt\/","og_locale":"da_DK","og_type":"article","og_title":"Contacts - eunosweb","og_description":"Hey, Drop Us a Line So you\u2019ve got something to say? Awesome. Whether the site\u2019s","og_url":"https:\/\/eunosweb.org\/da\/kontakt\/","og_site_name":"eunosweb","article_modified_time":"2026-01-01T12:25:44+00:00","og_image":[{"url":"https:\/\/eunosweb.org\/wp-content\/uploads\/2026\/01\/30.jpg"}],"twitter_card":"summary_large_image","twitter_misc":{"Estimeret l\u00e6setid":"1 minut"},"schema":{"@context":"https:\/\/schema.org","@graph":[{"@type":"WebPage","@id":"https:\/\/eunosweb.org\/kontakty\/","url":"https:\/\/eunosweb.org\/kontakty\/","name":"Contacts - eunosweb","isPartOf":{"@id":"https:\/\/eunosweb.org\/#website"},"datePublished":"2023-08-08T16:57:18+00:00","dateModified":"2026-01-01T12:25:44+00:00","breadcrumb":{"@id":"https:\/\/eunosweb.org\/kontakty\/#breadcrumb"},"inLanguage":"da-DK","potentialAction":[{"@type":"ReadAction","target":["https:\/\/eunosweb.org\/kontakty\/"]}]},{"@type":"BreadcrumbList","@id":"https:\/\/eunosweb.org\/kontakty\/#breadcrumb","itemListElement":[{"@type":"ListItem","position":1,"name":"\u0413\u043b\u0430\u0432\u043d\u0430\u044f \u0441\u0442\u0440\u0430\u043d\u0438\u0446\u0430","item":"https:\/\/eunosweb.org\/"},{"@type":"ListItem","position":2,"name":"Contacts"}]},{"@type":"WebSite","@id":"https:\/\/eunosweb.org\/#website","url":"https:\/\/eunosweb.org\/","name":"eunosweb","description":"Ultimate Multilingual Catalog of Alluring Adventures: Top Escort Virtual Chats!","publisher":{"@id":"https:\/\/eunosweb.org\/#organization"},"potentialAction":[{"@type":"SearchAction","target":{"@type":"EntryPoint","urlTemplate":"https:\/\/eunosweb.org\/?s={search_term_string}"},"query-input":"required name=search_term_string"}],"inLanguage":"da-DK"},{"@type":"Organization","@id":"https:\/\/eunosweb.org\/#organization","name":"eunosweb","url":"https:\/\/eunosweb.org\/","logo":{"@type":"ImageObject","inLanguage":"da-DK","@id":"https:\/\/eunosweb.org\/#\/schema\/logo\/image\/","url":"https:\/\/eunosweb.org\/wp-content\/uploads\/2023\/08\/logo-1.png","contentUrl":"https:\/\/eunosweb.org\/wp-content\/uploads\/2023\/08\/logo-1.png","width":220,"height":28,"caption":"eunosweb"},"image":{"@id":"https:\/\/eunosweb.org\/#\/schema\/logo\/image\/"}}]}},"_links":{"self":[{"href":"https:\/\/eunosweb.org\/da\/wp-json\/wp\/v2\/pages\/46","targetHints":{"allow":["GET"]}}],"collection":[{"href":"https:\/\/eunosweb.org\/da\/wp-json\/wp\/v2\/pages"}],"about":[{"href":"https:\/\/eunosweb.org\/da\/wp-json\/wp\/v2\/types\/page"}],"author":[{"embeddable":true,"href":"https:\/\/eunosweb.org\/da\/wp-json\/wp\/v2\/users\/1"}],"replies":[{"embeddable":true,"href":"https:\/\/eunosweb.org\/da\/wp-json\/wp\/v2\/comments?post=46"}],"version-history":[{"count":4,"href":"https:\/\/eunosweb.org\/da\/wp-json\/wp\/v2\/pages\/46\/revisions"}],"predecessor-version":[{"id":4227,"href":"https:\/\/eunosweb.org\/da\/wp-json\/wp\/v2\/pages\/46\/revisions\/4227"}],"wp:attachment":[{"href":"https:\/\/eunosweb.org\/da\/wp-json\/wp\/v2\/media?parent=46"}],"curies":[{"name":"wp","href":"https:\/\/api.w.org\/{rel}","templated":true}]}}